{"id":132,"date":"2023-07-20T10:10:38","date_gmt":"2023-07-20T08:10:38","guid":{"rendered":"http:\/\/localhost:8888\/ramosguitars\/?page_id=132"},"modified":"2023-12-11T18:47:44","modified_gmt":"2023-12-11T17:47:44","slug":"guitarres-i-baixos-custom","status":"publish","type":"page","link":"https:\/\/www.ramosguitars.com\/ca\/guitarres-i-baixos-custom\/","title":{"rendered":"Guitarres i baixos custom"},"content":{"rendered":"\t\t<div data-elementor-type=\"wp-page\" data-elementor-id=\"132\" class=\"elementor elementor-132\" data-elementor-post-type=\"page\">\n\t\t\t\t<div class=\"elementor-element elementor-element-3e336be e-flex e-con-boxed e-con e-parent\" data-id=\"3e336be\" data-element_type=\"container\" data-e-type=\"container\" data-settings=\"{&quot;background_background&quot;:&quot;classic&quot;}\">\n\t\t\t\t\t<div class=\"e-con-inner\">\n\t\t\t\t<div class=\"elementor-element elementor-element-f884aac elementor-widget elementor-widget-spacer\" data-id=\"f884aac\" data-element_type=\"widget\" data-e-type=\"widget\" data-widget_type=\"spacer.default\">\n\t\t\t\t<div class=\"elementor-widget-container\">\n\t\t\t\t\t\t\t<div class=\"elementor-spacer\">\n\t\t\t<div class=\"elementor-spacer-inner\"><\/div>\n\t\t<\/div>\n\t\t\t\t\t\t<\/div>\n\t\t\t\t<\/div>\n\t\t\t\t<div class=\"elementor-element elementor-element-6e76f87 elementor-widget elementor-widget-heading\" data-id=\"6e76f87\" data-element_type=\"widget\" data-e-type=\"widget\" data-widget_type=\"heading.default\">\n\t\t\t\t<div class=\"elementor-widget-container\">\n\t\t\t\t\t<h2 class=\"elementor-heading-title elementor-size-default\">Instruments<\/h2>\t\t\t\t<\/div>\n\t\t\t\t<\/div>\n\t\t\t\t<div class=\"elementor-element elementor-element-be0d89a elementor-widget elementor-widget-heading\" data-id=\"be0d89a\" data-element_type=\"widget\" data-e-type=\"widget\" data-widget_type=\"heading.default\">\n\t\t\t\t<div class=\"elementor-widget-container\">\n\t\t\t\t\t<h1 class=\"elementor-heading-title elementor-size-default\">Custom<\/h1>\t\t\t\t<\/div>\n\t\t\t\t<\/div>\n\t\t\t\t\t<\/div>\n\t\t\t\t<\/div>\n\t\t<div class=\"elementor-element elementor-element-dbb056b e-flex e-con-boxed e-con e-parent\" data-id=\"dbb056b\" data-element_type=\"container\" data-e-type=\"container\">\n\t\t\t\t\t<div class=\"e-con-inner\">\n\t\t\t\t<div class=\"elementor-element elementor-element-61c0ff9 elementor-widget__width-initial elementor-widget elementor-widget-text-editor\" data-id=\"61c0ff9\" data-element_type=\"widget\" data-e-type=\"widget\" data-widget_type=\"text-editor.default\">\n\t\t\t\t<div class=\"elementor-widget-container\">\n\t\t\t\t\t\t\t\t\t<p class=\"p1\">Benvinguts a Ramos Custom Guitars! S\u00f3c en Jos\u00e9, un amant de la m\u00fasica i un luthier amb un profund amor per l&#8217;artesania d&#8217;instruments musicals. Si esteu buscant un instrument que sigui la manifestaci\u00f3 de la vostra pr\u00f2pia creativitat i estil musical, esteu al lloc perfecte. Com a expert luthier especialitzat en la fabricaci\u00f3 de guitarres i baixos personalitzats, em faig c\u00e0rrec de presentar-vos instruments d&#8217;alta qualitat dissenyats per satisfer les necessitats i prefer\u00e8ncies \u00faniques de cada m\u00fasic.<\/p>\t\t\t\t\t\t\t\t<\/div>\n\t\t\t\t<\/div>\n\t\t\t\t<div class=\"elementor-element elementor-element-55dfb82 elementor-widget__width-initial elementor-widget elementor-widget-heading\" data-id=\"55dfb82\" data-element_type=\"widget\" data-e-type=\"widget\" data-widget_type=\"heading.default\">\n\t\t\t\t<div class=\"elementor-widget-container\">\n\t\t\t\t\t<h3 class=\"elementor-heading-title elementor-size-default\">La Vostra M\u00fasica, El Vostre Instrument Personalitzat: <\/h3>\t\t\t\t<\/div>\n\t\t\t\t<\/div>\n\t\t\t\t<div class=\"elementor-element elementor-element-8cab7be elementor-widget elementor-widget-text-editor\" data-id=\"8cab7be\" data-element_type=\"widget\" data-e-type=\"widget\" data-widget_type=\"text-editor.default\">\n\t\t\t\t<div class=\"elementor-widget-container\">\n\t\t\t\t\t\t\t\t\t<p class=\"p1\">Estic conven\u00e7ut que la m\u00fasica \u00e9s una expressi\u00f3 inigualable de la individualitat de cada artista. Per aix\u00f2, el meu comprom\u00eds \u00e9s crear instruments que no nom\u00e9s siguin visualment impactant, sin\u00f3 que tamb\u00e9 ofereixin un so excepcional i s&#8217;adaptin a la perfecci\u00f3 al vostre estil musical. Cada guitarra i baix que surt del meu taller \u00e9s una obra d&#8217;art feta a m\u00e0, amb atenci\u00f3 meticulosa a cada detall.<\/p>\t\t\t\t\t\t\t\t<\/div>\n\t\t\t\t<\/div>\n\t\t\t\t<div class=\"elementor-element elementor-element-d37355d elementor-widget elementor-widget-text-editor\" data-id=\"d37355d\" data-element_type=\"widget\" data-e-type=\"widget\" data-widget_type=\"text-editor.default\">\n\t\t\t\t<div class=\"elementor-widget-container\">\n\t\t\t\t\t\t\t\t\t<h4 class=\"p1\">Col\u00b7laboraci\u00f3 i Personalitzaci\u00f3 Total: \u2028<\/h4><p class=\"p1\">Treballar\u00e9 de prop amb vosaltres per dissenyar i construir l&#8217;instrument dels vostres somnis. Des de la selecci\u00f3 de la fusta fins a la personalitzaci\u00f3 dels acabats, cada aspecte s&#8217;adapta a les vostres prefer\u00e8ncies personals. La vostra visi\u00f3 \u00e9s la meva guia, i junts crearem un instrument que reflecteixi la vostra identitat musical.<\/p>\t\t\t\t\t\t\t\t<\/div>\n\t\t\t\t<\/div>\n\t\t\t\t\t<\/div>\n\t\t\t\t<\/div>\n\t\t<div class=\"elementor-element elementor-element-09f5a19 e-flex e-con-boxed e-con e-parent\" data-id=\"09f5a19\" data-element_type=\"container\" data-e-type=\"container\">\n\t\t\t\t\t<div class=\"e-con-inner\">\n\t\t<div class=\"elementor-element elementor-element-91840a1 e-flex e-con-boxed e-con e-child\" data-id=\"91840a1\" data-element_type=\"container\" data-e-type=\"container\">\n\t\t\t\t\t<div class=\"e-con-inner\">\n\t\t\t\t<div class=\"elementor-element elementor-element-62fe9fd elementor-widget__width-initial elementor-widget elementor-widget-heading\" data-id=\"62fe9fd\" data-element_type=\"widget\" data-e-type=\"widget\" data-widget_type=\"heading.default\">\n\t\t\t\t<div class=\"elementor-widget-container\">\n\t\t\t\t\t<h3 class=\"elementor-heading-title elementor-size-default\">Raons per triar en Jos\u00e9 Ramos com el vostre luthier:\u2028\n<\/h3>\t\t\t\t<\/div>\n\t\t\t\t<\/div>\n\t\t\t\t\t<\/div>\n\t\t\t\t<\/div>\n\t\t<div class=\"elementor-element elementor-element-25f8bd6 e-flex e-con-boxed e-con e-child\" data-id=\"25f8bd6\" data-element_type=\"container\" data-e-type=\"container\">\n\t\t\t\t\t<div class=\"e-con-inner\">\n\t\t\t\t<div class=\"elementor-element elementor-element-19a322e elementor-widget elementor-widget-text-editor\" data-id=\"19a322e\" data-element_type=\"widget\" data-e-type=\"widget\" data-widget_type=\"text-editor.default\">\n\t\t\t\t<div class=\"elementor-widget-container\">\n\t\t\t\t\t\t\t\t\t<h4>Experi\u00e8ncia i Coneixement<\/h4><p>Amb anys d&#8217;experi\u00e8ncia en la fabricaci\u00f3 de guitarres i baixos personalitzats, he adquirit un coneixement profund de l&#8217;artesania i la tecnologia darrere d&#8217;aquests instruments.<\/p><h4>Materials de la M\u00e9s Alta Qualitat<\/h4><p>Utilitzo nom\u00e9s els millors materials i components, garantint aix\u00ed la qualitat i durabilitat de les meves creacions.<\/p><h4>Satisfacci\u00f3 del Client<\/h4><p>La meva major satisfacci\u00f3 \u00e9s veure m\u00fasics satisfets amb els seus instruments personalitzats.<\/p>\t\t\t\t\t\t\t\t<\/div>\n\t\t\t\t<\/div>\n\t\t\t\t\t<\/div>\n\t\t\t\t<\/div>\n\t\t\t\t\t<\/div>\n\t\t\t\t<\/div>\n\t\t<div class=\"elementor-element elementor-element-5fd5fe7 e-flex e-con-boxed e-con e-parent\" data-id=\"5fd5fe7\" data-element_type=\"container\" data-e-type=\"container\">\n\t\t\t\t\t<div class=\"e-con-inner\">\n\t\t<div class=\"elementor-element elementor-element-211af42 e-flex e-con-boxed e-con e-child\" data-id=\"211af42\" data-element_type=\"container\" data-e-type=\"container\">\n\t\t\t\t\t<div class=\"e-con-inner\">\n\t\t\t\t<div class=\"elementor-element elementor-element-2f51d07 elementor-widget__width-initial elementor-widget elementor-widget-heading\" data-id=\"2f51d07\" data-element_type=\"widget\" data-e-type=\"widget\" data-widget_type=\"heading.default\">\n\t\t\t\t<div class=\"elementor-widget-container\">\n\t\t\t\t\t<h3 class=\"elementor-heading-title elementor-size-default\">El meu proc\u00e9s de treball detallat:\u2028\n<\/h3>\t\t\t\t<\/div>\n\t\t\t\t<\/div>\n\t\t\t\t\t<\/div>\n\t\t\t\t<\/div>\n\t\t<div class=\"elementor-element elementor-element-04ac97e e-flex e-con-boxed e-con e-child\" data-id=\"04ac97e\" data-element_type=\"container\" data-e-type=\"container\">\n\t\t\t\t\t<div class=\"e-con-inner\">\n\t\t\t\t<div class=\"elementor-element elementor-element-e804258 elementor-widget elementor-widget-text-editor\" data-id=\"e804258\" data-element_type=\"widget\" data-e-type=\"widget\" data-widget_type=\"text-editor.default\">\n\t\t\t\t<div class=\"elementor-widget-container\">\n\t\t\t\t\t\t\t\t\t<h4>1. Consulta Inicial<\/h4><p>\u00a0La nostra primera conversa t\u00e9 com a objectiu comprendre les vostres prefer\u00e8ncies, estil musical i necessitats espec\u00edfiques.<\/p><h4>2. Disseny Personalitzat<\/h4><p>Basat en les vostres idees i visions, crearem un disseny personalitzat que materialitzi els vostres somnis musicals.<\/p><h4>3. Construcci\u00f3 Artesanal<\/h4><p>El vostre instrument es construir\u00e0 a m\u00e0, cuidant minuciosament cada detall i utilitzant les darreres tecnologies per garantir la perfecci\u00f3.<\/p><h4>4. Proves i Ajustaments<\/h4><p>Realitzo proves rigoroses i ajustos precisos per assegurar-me que el vostre instrument tingui un so excepcional i una comoditat \u00f2ptima.<\/p><h4>5. Entrega amb Orgull<\/h4><p>El vostre instrument personalitzat es lliura amb orgull i llest per inspirar-vos en cada nota que toqueu.<\/p>\t\t\t\t\t\t\t\t<\/div>\n\t\t\t\t<\/div>\n\t\t\t\t\t<\/div>\n\t\t\t\t<\/div>\n\t\t\t\t\t<\/div>\n\t\t\t\t<\/div>\n\t\t<div class=\"elementor-element elementor-element-e5c4007 e-flex e-con-boxed e-con e-parent\" data-id=\"e5c4007\" data-element_type=\"container\" data-e-type=\"container\">\n\t\t\t\t\t<div class=\"e-con-inner\">\n\t\t\t\t<div class=\"elementor-element elementor-element-4143d90 elementor-widget__width-initial elementor-widget elementor-widget-heading\" data-id=\"4143d90\" data-element_type=\"widget\" data-e-type=\"widget\" data-widget_type=\"heading.default\">\n\t\t\t\t<div class=\"elementor-widget-container\">\n\t\t\t\t\t<h3 class=\"elementor-heading-title elementor-size-default\">Luthier de guitarres custom\n<\/h3>\t\t\t\t<\/div>\n\t\t\t\t<\/div>\n\t\t<div class=\"elementor-element elementor-element-12eedb6 e-flex e-con-boxed e-con e-child\" data-id=\"12eedb6\" data-element_type=\"container\" data-e-type=\"container\">\n\t\t\t\t\t<div class=\"e-con-inner\">\n\t\t\t\t<div class=\"elementor-element elementor-element-900ac98 elementor-widget elementor-widget-text-editor\" data-id=\"900ac98\" data-element_type=\"widget\" data-e-type=\"widget\" data-widget_type=\"text-editor.default\">\n\t\t\t\t<div class=\"elementor-widget-container\">\n\t\t\t\t\t\t\t\t\t<h4 class=\"p1\">Poseu-vos en contacte amb mi avui mateix!<\/h4><p class=\"p1\">Si esteu preparats per donar vida a la vostra m\u00fasica amb un instrument que sigui realment vostre, no dubteu a posar-vos en contacte amb mi avui mateix. Estic aqu\u00ed per respondre totes les vostres preguntes i comen\u00e7ar l&#8217;apassionant proc\u00e9s de creaci\u00f3 de la vostra guitarra o baix personalitzat. La vostra m\u00fasica mereix el millor, i a Ramos Custom Guitars, em comprometo a oferir-vos exactament aix\u00f2. Parlem de la vostra propera obra mestra musical!<\/p>\t\t\t\t\t\t\t\t<\/div>\n\t\t\t\t<\/div>\n\t\t\t\t<div class=\"elementor-element elementor-element-48d6d79 elementor-widget elementor-widget-button\" data-id=\"48d6d79\" data-element_type=\"widget\" data-e-type=\"widget\" data-widget_type=\"button.default\">\n\t\t\t\t<div class=\"elementor-widget-container\">\n\t\t\t\t\t\t\t\t\t<div class=\"elementor-button-wrapper\">\n\t\t\t\t\t<a class=\"elementor-button elementor-button-link elementor-size-sm\" href=\"#contacta\">\n\t\t\t\t\t\t<span class=\"elementor-button-content-wrapper\">\n\t\t\t\t\t\t\t\t\t<span class=\"elementor-button-text\">Pregunta'm<\/span>\n\t\t\t\t\t<\/span>\n\t\t\t\t\t<\/a>\n\t\t\t\t<\/div>\n\t\t\t\t\t\t\t\t<\/div>\n\t\t\t\t<\/div>\n\t\t\t\t\t<\/div>\n\t\t\t\t<\/div>\n\t\t\t\t\t<\/div>\n\t\t\t\t<\/div>\n\t\t<div class=\"elementor-element elementor-element-0524f0f e-flex e-con-boxed e-con e-parent\" data-id=\"0524f0f\" data-element_type=\"container\" data-e-type=\"container\" id=\"contacta\">\n\t\t\t\t\t<div class=\"e-con-inner\">\n\t\t\t\t<div class=\"elementor-element elementor-element-4438c0f elementor-button-align-end elementor-widget elementor-widget-global elementor-global-493 elementor-widget-form\" data-id=\"4438c0f\" data-element_type=\"widget\" data-e-type=\"widget\" data-settings=\"{&quot;step_next_label&quot;:&quot;Next&quot;,&quot;step_previous_label&quot;:&quot;Previous&quot;,&quot;button_width&quot;:&quot;100&quot;,&quot;step_type&quot;:&quot;number_text&quot;,&quot;step_icon_shape&quot;:&quot;circle&quot;}\" data-widget_type=\"form.default\">\n\t\t\t\t<div class=\"elementor-widget-container\">\n\t\t\t\t\t\t\t<form class=\"elementor-form\" method=\"post\" name=\"Contacta\" aria-label=\"Contacta\">\n\t\t\t<input type=\"hidden\" name=\"post_id\" value=\"132\"\/>\n\t\t\t<input type=\"hidden\" name=\"form_id\" value=\"4438c0f\"\/>\n\t\t\t<input type=\"hidden\" name=\"referer_title\" value=\"Ramos Guitars\" \/>\n\n\t\t\t\n\t\t\t<div class=\"elementor-form-fields-wrapper elementor-labels-\">\n\t\t\t\t\t\t\t\t<div class=\"elementor-field-type-text elementor-field-group elementor-column elementor-field-group-name elementor-col-100 elementor-field-required\">\n\t\t\t\t\t\t\t\t\t\t\t\t<label for=\"form-field-name\" class=\"elementor-field-label elementor-screen-only\">\n\t\t\t\t\t\t\t\tEl teu nom\t\t\t\t\t\t\t<\/label>\n\t\t\t\t\t\t\t\t\t\t\t\t\t\t<input size=\"1\" type=\"text\" name=\"form_fields[name]\" id=\"form-field-name\" class=\"elementor-field elementor-size-md  elementor-field-textual\" placeholder=\"Nom\" required=\"required\">\n\t\t\t\t\t\t\t\t\t\t\t<\/div>\n\t\t\t\t\t\t\t\t<div class=\"elementor-field-type-email elementor-field-group elementor-column elementor-field-group-email elementor-col-100 elementor-field-required\">\n\t\t\t\t\t\t\t\t\t\t\t\t<label for=\"form-field-email\" class=\"elementor-field-label elementor-screen-only\">\n\t\t\t\t\t\t\t\tCorreu electr\u00f2nic\t\t\t\t\t\t\t<\/label>\n\t\t\t\t\t\t\t\t\t\t\t\t\t\t<input size=\"1\" type=\"email\" name=\"form_fields[email]\" id=\"form-field-email\" class=\"elementor-field elementor-size-md  elementor-field-textual\" placeholder=\"Correu electr\u00f2nic\" required=\"required\">\n\t\t\t\t\t\t\t\t\t\t\t<\/div>\n\t\t\t\t\t\t\t\t<div class=\"elementor-field-type-textarea elementor-field-group elementor-column elementor-field-group-message elementor-col-100\">\n\t\t\t\t\t\t\t\t\t\t\t\t<label for=\"form-field-message\" class=\"elementor-field-label elementor-screen-only\">\n\t\t\t\t\t\t\t\tMissatge \t\t\t\t\t\t\t<\/label>\n\t\t\t\t\t\t<textarea class=\"elementor-field-textual elementor-field  elementor-size-md\" name=\"form_fields[message]\" id=\"form-field-message\" rows=\"4\" placeholder=\"Missatge \"><\/textarea>\t\t\t\t<\/div>\n\t\t\t\t\t\t\t\t<div class=\"elementor-field-type-hidden elementor-field-group elementor-column elementor-field-group-field_9d8b54c elementor-col-100\">\n\t\t\t\t\t\t\t\t\t\t\t\t\t<input size=\"1\" type=\"hidden\" name=\"form_fields[field_9d8b54c]\" id=\"form-field-field_9d8b54c\" class=\"elementor-field elementor-size-md  elementor-field-textual\">\n\t\t\t\t\t\t\t\t\t\t\t<\/div>\n\t\t\t\t\t\t\t\t<div class=\"elementor-field-type-recaptcha_v3 elementor-field-group elementor-column elementor-field-group-field_122d978 elementor-col-100 recaptcha_v3-inline\">\n\t\t\t\t\t<div class=\"elementor-field\" id=\"form-field-field_122d978\"><div class=\"elementor-g-recaptcha\" data-sitekey=\"6LeW5yQpAAAAAEV7HFXBEfz-59VAHVGrcUI5CVcP\" data-type=\"v3\" data-action=\"Form\" data-badge=\"inline\" data-size=\"invisible\"><\/div><\/div>\t\t\t\t<\/div>\n\t\t\t\t\t\t\t\t<div class=\"elementor-field-group elementor-column elementor-field-type-submit elementor-col-100 e-form__buttons\">\n\t\t\t\t\t<button class=\"elementor-button elementor-size-sm\" type=\"submit\">\n\t\t\t\t\t\t<span class=\"elementor-button-content-wrapper\">\n\t\t\t\t\t\t\t\t\t\t\t\t\t\t\t\t\t\t\t\t\t\t<span class=\"elementor-button-text\">Enviar<\/span>\n\t\t\t\t\t\t\t\t\t\t\t\t\t<\/span>\n\t\t\t\t\t<\/button>\n\t\t\t\t<\/div>\n\t\t\t<\/div>\n\t\t<\/form>\n\t\t\t\t\t\t<\/div>\n\t\t\t\t<\/div>\n\t\t\t\t\t<\/div>\n\t\t\t\t<\/div>\n\t\t\t\t<\/div>\n\t\t","protected":false},"excerpt":{"rendered":"<p>Instruments Custom Benvinguts a Ramos Custom Guitars! S\u00f3c en Jos\u00e9, un amant de la m\u00fasica i un luthier amb un profund amor per l&#8217;artesania d&#8217;instruments musicals. Si esteu buscant un instrument que sigui la manifestaci\u00f3 de la vostra pr\u00f2pia creativitat i estil musical, esteu al lloc perfecte. Com a expert luthier especialitzat en la fabricaci\u00f3 [&hellip;]<\/p>\n","protected":false},"author":1,"featured_media":0,"parent":0,"menu_order":0,"comment_status":"closed","ping_status":"closed","template":"","meta":{"_acf_changed":false,"footnotes":""},"class_list":["post-132","page","type-page","status-publish","hentry"],"acf":[],"yoast_head":"<!-- This site is optimized with the Yoast SEO plugin v27.5 - https:\/\/yoast.com\/product\/yoast-seo-wordpress\/ -->\n<title>Guitarres i baixos custom &#8226; Ramos Guitars<\/title>\n<meta name=\"description\" content=\"Jos\u00e9 Ramos ofereix una col\u00b7laboraci\u00f3 total per crear instruments \u00fanics que reflecteixin la identitat musical de cada artista. Des del disseny fins a la construcci\u00f3 artesanal i els ajustaments precisos, cada instrument \u00e9s una obra d&#039;art.\" \/>\n<meta name=\"robots\" content=\"index, follow, max-snippet:-1, max-image-preview:large, max-video-preview:-1\" \/>\n<link rel=\"canonical\" href=\"https:\/\/www.ramosguitars.com\/ca\/guitarres-i-baixos-custom\/\" \/>\n<meta property=\"og:locale\" content=\"ca_ES\" \/>\n<meta property=\"og:type\" content=\"article\" \/>\n<meta property=\"og:title\" content=\"Guitarres i baixos custom &#8226; Ramos Guitars\" \/>\n<meta property=\"og:description\" content=\"Jos\u00e9 Ramos ofereix una col\u00b7laboraci\u00f3 total per crear instruments \u00fanics que reflecteixin la identitat musical de cada artista. Des del disseny fins a la construcci\u00f3 artesanal i els ajustaments precisos, cada instrument \u00e9s una obra d&#039;art.\" \/>\n<meta property=\"og:url\" content=\"https:\/\/www.ramosguitars.com\/ca\/guitarres-i-baixos-custom\/\" \/>\n<meta property=\"og:site_name\" content=\"Ramos Guitars\" \/>\n<meta property=\"article:modified_time\" content=\"2023-12-11T17:47:44+00:00\" \/>\n<meta name=\"twitter:card\" content=\"summary_large_image\" \/>\n<meta name=\"twitter:label1\" content=\"Temps estimat de lectura\" \/>\n\t<meta name=\"twitter:data1\" content=\"3 minuts\" \/>\n<script type=\"application\/ld+json\" class=\"yoast-schema-graph\">{\"@context\":\"https:\\\/\\\/schema.org\",\"@graph\":[{\"@type\":\"WebPage\",\"@id\":\"https:\\\/\\\/www.ramosguitars.com\\\/ca\\\/guitarres-i-baixos-custom\\\/\",\"url\":\"https:\\\/\\\/www.ramosguitars.com\\\/ca\\\/guitarres-i-baixos-custom\\\/\",\"name\":\"Guitarres i baixos custom &#8226; Ramos Guitars\",\"isPartOf\":{\"@id\":\"https:\\\/\\\/www.ramosguitars.com\\\/es\\\/#website\"},\"datePublished\":\"2023-07-20T08:10:38+00:00\",\"dateModified\":\"2023-12-11T17:47:44+00:00\",\"description\":\"Jos\u00e9 Ramos ofereix una col\u00b7laboraci\u00f3 total per crear instruments \u00fanics que reflecteixin la identitat musical de cada artista. Des del disseny fins a la construcci\u00f3 artesanal i els ajustaments precisos, cada instrument \u00e9s una obra d'art.\",\"breadcrumb\":{\"@id\":\"https:\\\/\\\/www.ramosguitars.com\\\/ca\\\/guitarres-i-baixos-custom\\\/#breadcrumb\"},\"inLanguage\":\"ca\",\"potentialAction\":[{\"@type\":\"ReadAction\",\"target\":[\"https:\\\/\\\/www.ramosguitars.com\\\/ca\\\/guitarres-i-baixos-custom\\\/\"]}]},{\"@type\":\"BreadcrumbList\",\"@id\":\"https:\\\/\\\/www.ramosguitars.com\\\/ca\\\/guitarres-i-baixos-custom\\\/#breadcrumb\",\"itemListElement\":[{\"@type\":\"ListItem\",\"position\":1,\"name\":\"Portada\",\"item\":\"https:\\\/\\\/www.ramosguitars.com\\\/ca\\\/\"},{\"@type\":\"ListItem\",\"position\":2,\"name\":\"Guitarres i baixos custom\"}]},{\"@type\":\"WebSite\",\"@id\":\"https:\\\/\\\/www.ramosguitars.com\\\/es\\\/#website\",\"url\":\"https:\\\/\\\/www.ramosguitars.com\\\/es\\\/\",\"name\":\"Ramos Custom Guitars\",\"description\":\"Custom handmade instruments\",\"publisher\":{\"@id\":\"https:\\\/\\\/www.ramosguitars.com\\\/es\\\/#organization\"},\"alternateName\":\"Custom guitars and basses handmade\",\"potentialAction\":[{\"@type\":\"SearchAction\",\"target\":{\"@type\":\"EntryPoint\",\"urlTemplate\":\"https:\\\/\\\/www.ramosguitars.com\\\/es\\\/?s={search_term_string}\"},\"query-input\":{\"@type\":\"PropertyValueSpecification\",\"valueRequired\":true,\"valueName\":\"search_term_string\"}}],\"inLanguage\":\"ca\"},{\"@type\":\"Organization\",\"@id\":\"https:\\\/\\\/www.ramosguitars.com\\\/es\\\/#organization\",\"name\":\"Ramos Custom Guitars\",\"url\":\"https:\\\/\\\/www.ramosguitars.com\\\/es\\\/\",\"logo\":{\"@type\":\"ImageObject\",\"inLanguage\":\"ca\",\"@id\":\"https:\\\/\\\/www.ramosguitars.com\\\/es\\\/#\\\/schema\\\/logo\\\/image\\\/\",\"url\":\"https:\\\/\\\/www.ramosguitars.com\\\/wp-content\\\/uploads\\\/2023\\\/09\\\/logo_ramosguitars_anim.svg\",\"contentUrl\":\"https:\\\/\\\/www.ramosguitars.com\\\/wp-content\\\/uploads\\\/2023\\\/09\\\/logo_ramosguitars_anim.svg\",\"width\":416,\"height\":446,\"caption\":\"Ramos Custom Guitars\"},\"image\":{\"@id\":\"https:\\\/\\\/www.ramosguitars.com\\\/es\\\/#\\\/schema\\\/logo\\\/image\\\/\"}}]}<\/script>\n<!-- \/ Yoast SEO plugin. -->","yoast_head_json":{"title":"Guitarres i baixos custom &#8226; Ramos Guitars","description":"Jos\u00e9 Ramos ofereix una col\u00b7laboraci\u00f3 total per crear instruments \u00fanics que reflecteixin la identitat musical de cada artista. Des del disseny fins a la construcci\u00f3 artesanal i els ajustaments precisos, cada instrument \u00e9s una obra d'art.","robots":{"index":"index","follow":"follow","max-snippet":"max-snippet:-1","max-image-preview":"max-image-preview:large","max-video-preview":"max-video-preview:-1"},"canonical":"https:\/\/www.ramosguitars.com\/ca\/guitarres-i-baixos-custom\/","og_locale":"ca_ES","og_type":"article","og_title":"Guitarres i baixos custom &#8226; Ramos Guitars","og_description":"Jos\u00e9 Ramos ofereix una col\u00b7laboraci\u00f3 total per crear instruments \u00fanics que reflecteixin la identitat musical de cada artista. Des del disseny fins a la construcci\u00f3 artesanal i els ajustaments precisos, cada instrument \u00e9s una obra d'art.","og_url":"https:\/\/www.ramosguitars.com\/ca\/guitarres-i-baixos-custom\/","og_site_name":"Ramos Guitars","article_modified_time":"2023-12-11T17:47:44+00:00","twitter_card":"summary_large_image","twitter_misc":{"Temps estimat de lectura":"3 minuts"},"schema":{"@context":"https:\/\/schema.org","@graph":[{"@type":"WebPage","@id":"https:\/\/www.ramosguitars.com\/ca\/guitarres-i-baixos-custom\/","url":"https:\/\/www.ramosguitars.com\/ca\/guitarres-i-baixos-custom\/","name":"Guitarres i baixos custom &#8226; Ramos Guitars","isPartOf":{"@id":"https:\/\/www.ramosguitars.com\/es\/#website"},"datePublished":"2023-07-20T08:10:38+00:00","dateModified":"2023-12-11T17:47:44+00:00","description":"Jos\u00e9 Ramos ofereix una col\u00b7laboraci\u00f3 total per crear instruments \u00fanics que reflecteixin la identitat musical de cada artista. Des del disseny fins a la construcci\u00f3 artesanal i els ajustaments precisos, cada instrument \u00e9s una obra d'art.","breadcrumb":{"@id":"https:\/\/www.ramosguitars.com\/ca\/guitarres-i-baixos-custom\/#breadcrumb"},"inLanguage":"ca","potentialAction":[{"@type":"ReadAction","target":["https:\/\/www.ramosguitars.com\/ca\/guitarres-i-baixos-custom\/"]}]},{"@type":"BreadcrumbList","@id":"https:\/\/www.ramosguitars.com\/ca\/guitarres-i-baixos-custom\/#breadcrumb","itemListElement":[{"@type":"ListItem","position":1,"name":"Portada","item":"https:\/\/www.ramosguitars.com\/ca\/"},{"@type":"ListItem","position":2,"name":"Guitarres i baixos custom"}]},{"@type":"WebSite","@id":"https:\/\/www.ramosguitars.com\/es\/#website","url":"https:\/\/www.ramosguitars.com\/es\/","name":"Ramos Custom Guitars","description":"Custom handmade instruments","publisher":{"@id":"https:\/\/www.ramosguitars.com\/es\/#organization"},"alternateName":"Custom guitars and basses handmade","potentialAction":[{"@type":"SearchAction","target":{"@type":"EntryPoint","urlTemplate":"https:\/\/www.ramosguitars.com\/es\/?s={search_term_string}"},"query-input":{"@type":"PropertyValueSpecification","valueRequired":true,"valueName":"search_term_string"}}],"inLanguage":"ca"},{"@type":"Organization","@id":"https:\/\/www.ramosguitars.com\/es\/#organization","name":"Ramos Custom Guitars","url":"https:\/\/www.ramosguitars.com\/es\/","logo":{"@type":"ImageObject","inLanguage":"ca","@id":"https:\/\/www.ramosguitars.com\/es\/#\/schema\/logo\/image\/","url":"https:\/\/www.ramosguitars.com\/wp-content\/uploads\/2023\/09\/logo_ramosguitars_anim.svg","contentUrl":"https:\/\/www.ramosguitars.com\/wp-content\/uploads\/2023\/09\/logo_ramosguitars_anim.svg","width":416,"height":446,"caption":"Ramos Custom Guitars"},"image":{"@id":"https:\/\/www.ramosguitars.com\/es\/#\/schema\/logo\/image\/"}}]}},"_links":{"self":[{"href":"https:\/\/www.ramosguitars.com\/ca\/wp-json\/wp\/v2\/pages\/132","targetHints":{"allow":["GET"]}}],"collection":[{"href":"https:\/\/www.ramosguitars.com\/ca\/wp-json\/wp\/v2\/pages"}],"about":[{"href":"https:\/\/www.ramosguitars.com\/ca\/wp-json\/wp\/v2\/types\/page"}],"author":[{"embeddable":true,"href":"https:\/\/www.ramosguitars.com\/ca\/wp-json\/wp\/v2\/users\/1"}],"replies":[{"embeddable":true,"href":"https:\/\/www.ramosguitars.com\/ca\/wp-json\/wp\/v2\/comments?post=132"}],"version-history":[{"count":4,"href":"https:\/\/www.ramosguitars.com\/ca\/wp-json\/wp\/v2\/pages\/132\/revisions"}],"predecessor-version":[{"id":1648,"href":"https:\/\/www.ramosguitars.com\/ca\/wp-json\/wp\/v2\/pages\/132\/revisions\/1648"}],"wp:attachment":[{"href":"https:\/\/www.ramosguitars.com\/ca\/wp-json\/wp\/v2\/media?parent=132"}],"curies":[{"name":"wp","href":"https:\/\/api.w.org\/{rel}","templated":true}]}}