{"id":138,"date":"2023-07-20T10:10:44","date_gmt":"2023-07-20T08:10:44","guid":{"rendered":"http:\/\/localhost:8888\/ramosguitars\/?page_id=138"},"modified":"2023-12-11T18:47:42","modified_gmt":"2023-12-11T17:47:42","slug":"centre-tecnic-autoritzat","status":"publish","type":"page","link":"https:\/\/www.ramosguitars.com\/ca\/centre-tecnic-autoritzat\/","title":{"rendered":"Centre T\u00e8cnic Autoritzat"},"content":{"rendered":"\t\t<div data-elementor-type=\"wp-page\" data-elementor-id=\"138\" class=\"elementor elementor-138\" data-elementor-post-type=\"page\">\n\t\t\t\t<div class=\"elementor-element elementor-element-3ac3e5d e-flex e-con-boxed e-con e-parent\" data-id=\"3ac3e5d\" data-element_type=\"container\" data-e-type=\"container\">\n\t\t\t\t\t<div class=\"e-con-inner\">\n\t\t<div class=\"elementor-element elementor-element-c6e6cfb e-con-full e-flex e-con e-child\" data-id=\"c6e6cfb\" data-element_type=\"container\" data-e-type=\"container\">\n\t\t\t\t<div class=\"elementor-element elementor-element-d1ecb25 elementor-widget elementor-widget-heading\" data-id=\"d1ecb25\" data-element_type=\"widget\" data-e-type=\"widget\" data-widget_type=\"heading.default\">\n\t\t\t\t<div class=\"elementor-widget-container\">\n\t\t\t\t\t<h2 class=\"elementor-heading-title elementor-size-default\">Serveis<\/h2>\t\t\t\t<\/div>\n\t\t\t\t<\/div>\n\t\t\t\t<div class=\"elementor-element elementor-element-4ad3d2d elementor-widget elementor-widget-text-editor\" data-id=\"4ad3d2d\" data-element_type=\"widget\" data-e-type=\"widget\" data-widget_type=\"text-editor.default\">\n\t\t\t\t<div class=\"elementor-widget-container\">\n\t\t\t\t\t\t\t\t\t<p>Convertir-se en un centre t\u00e8cnic autoritzat no \u00e9s una tasca f\u00e0cil. Sovint implica aprovar ex\u00e0mens t\u00e8cnics, te\u00f2rics i, el m\u00e9s complicat de tot, pr\u00e0ctics.<\/p><p>Molts companys creuen que ser un centre de servei autoritzat d&#8217;una marca \u00e9s una p\u00e8rdua de temps. Altres diuen que si ja tens els coneixements, per qu\u00e8 molestar-se? En la meva opini\u00f3, tenir l&#8217;aval dels propis fabricants \u00e9s de gran import\u00e0ncia. Qui millor que el propi fabricant per explicar-nos sobre l&#8217;instrument que fabriquen o la pe\u00e7a que creen per millorar el nostre instrument?<\/p><p>Els m\u00fasics sempre volen que les seves guitarres i baixos estiguin a les millors mans. Per aquesta ra\u00f3, ser un servei t\u00e8cnic no \u00e9s alguna cosa que incrementi l&#8217;ego del luthier, sin\u00f3 alguna cosa que garanteix que la teva guitarra o baix estiguin a les mans adequades.<\/p>\t\t\t\t\t\t\t\t<\/div>\n\t\t\t\t<\/div>\n\t\t\t\t<\/div>\n\t\t<div class=\"elementor-element elementor-element-4b5f5d7 e-con-full e-flex e-con e-child\" data-id=\"4b5f5d7\" data-element_type=\"container\" data-e-type=\"container\">\n\t\t\t\t<div class=\"elementor-element elementor-element-b3bc933 elementor-widget elementor-widget-image\" data-id=\"b3bc933\" data-element_type=\"widget\" data-e-type=\"widget\" data-widget_type=\"image.default\">\n\t\t\t\t<div class=\"elementor-widget-container\">\n\t\t\t\t\t\t\t\t\t\t\t\t\t\t\t<img fetchpriority=\"high\" decoding=\"async\" width=\"434\" height=\"436\" src=\"https:\/\/www.ramosguitars.com\/wp-content\/uploads\/2023\/09\/logo_serveis-authorized-taylor.png\" class=\"attachment-full size-full wp-image-160\" alt=\"Taylor authorized Services\" srcset=\"https:\/\/www.ramosguitars.com\/wp-content\/uploads\/2023\/09\/logo_serveis-authorized-taylor.png 434w, https:\/\/www.ramosguitars.com\/wp-content\/uploads\/2023\/09\/logo_serveis-authorized-taylor-300x300.png 300w, https:\/\/www.ramosguitars.com\/wp-content\/uploads\/2023\/09\/logo_serveis-authorized-taylor-150x150.png 150w\" sizes=\"(max-width: 434px) 100vw, 434px\" \/>\t\t\t\t\t\t\t\t\t\t\t\t\t\t\t<\/div>\n\t\t\t\t<\/div>\n\t\t\t\t<div class=\"elementor-element elementor-element-1d1c2b6 elementor-widget elementor-widget-image\" data-id=\"1d1c2b6\" data-element_type=\"widget\" data-e-type=\"widget\" data-widget_type=\"image.default\">\n\t\t\t\t<div class=\"elementor-widget-container\">\n\t\t\t\t\t\t\t\t\t\t\t\t\t\t\t<img decoding=\"async\" width=\"528\" height=\"388\" src=\"https:\/\/www.ramosguitars.com\/wp-content\/uploads\/2023\/10\/logo_serveis-authorized-buzz.png\" class=\"attachment-full size-full wp-image-743\" alt=\"Buzz Feiten Tunning sysstems\" srcset=\"https:\/\/www.ramosguitars.com\/wp-content\/uploads\/2023\/10\/logo_serveis-authorized-buzz.png 528w, https:\/\/www.ramosguitars.com\/wp-content\/uploads\/2023\/10\/logo_serveis-authorized-buzz-300x220.png 300w\" sizes=\"(max-width: 528px) 100vw, 528px\" \/>\t\t\t\t\t\t\t\t\t\t\t\t\t\t\t<\/div>\n\t\t\t\t<\/div>\n\t\t\t\t<\/div>\n\t\t\t\t\t<\/div>\n\t\t\t\t<\/div>\n\t\t<div class=\"elementor-element elementor-element-dd956c0 e-flex e-con-boxed e-con e-parent\" data-id=\"dd956c0\" data-element_type=\"container\" data-e-type=\"container\">\n\t\t\t\t\t<div class=\"e-con-inner\">\n\t\t\t\t<div class=\"elementor-element elementor-element-b813ff3 elementor-widget elementor-widget-heading\" data-id=\"b813ff3\" data-element_type=\"widget\" data-e-type=\"widget\" data-widget_type=\"heading.default\">\n\t\t\t\t<div class=\"elementor-widget-container\">\n\t\t\t\t\t<h2 class=\"elementor-heading-title elementor-size-default\">Garanties, recanvis originals i la confian\u00e7a que el vostre instrument est\u00e0 en mans adequades.<\/h2>\t\t\t\t<\/div>\n\t\t\t\t<\/div>\n\t\t\t\t<div class=\"elementor-element elementor-element-d7b4e86 elementor-widget__width-initial elementor-widget elementor-widget-text-editor\" data-id=\"d7b4e86\" data-element_type=\"widget\" data-e-type=\"widget\" data-widget_type=\"text-editor.default\">\n\t\t\t\t<div class=\"elementor-widget-container\">\n\t\t\t\t\t\t\t\t\t<h4>Buzz Feiten Tuning System<\/h4><p>El sistema d&#8217;afinaci\u00f3 Buzz Feiten \u00e9s una soluci\u00f3 que aborda els problemes d&#8217;afinaci\u00f3 i entonaci\u00f3 en dos senzills passos.<\/p><h3>Cejuela<\/h3><p>L&#8217;exclusiu sistema d&#8217;afinaci\u00f3 Buzz Feiten (BFTS) Shelf Nut mou les cordes m\u00e9s a prop del primer trast segons la seva f\u00f3rmula patentada. Aix\u00f2 elimina les notes sostenudes als tres primers trastes.<\/p><h3>Entonaci\u00f3<\/h3><p>El pont de la teva guitarra s&#8217;ajusta segons les seves compensacions de to patentades, creant una entonaci\u00f3 equilibrada a tot el diapas\u00f3, a cada trast, a cada corda.<br \/><br \/>S\u00f3c un servei t\u00e8cnic autoritzat tant per fabricants com per adaptacions des de l&#8217;any 2011. Molts fabricants del nivell de Tom Anderson Guitarworks, Suhr Guitars, Michael Tobias i molts m\u00e9s confien en Buzz Feiten.<br \/><br \/>No us deixeu enganyar per ning\u00fa; nom\u00e9s un servei t\u00e8cnic autoritzat est\u00e0 capacitat per adaptar o ajustar la vostra guitarra o baix i us garantir\u00e0 un treball impecable.<\/p><h4>Taylor<\/h4><p>Tens algun problema amb la teva guitarra Taylor? No dubtis a posar-te en contacte amb mi per a qualsevol pregunta que puguis tenir. S\u00f3c un t\u00e8cnic de servei de nivell Silver, per\u00f2 qu\u00e8 significa Silver?<\/p><h3>Silver<\/h3><p>Los centros de servicio de nivel Silver est\u00e1n ah\u00ed para brindarle los conceptos b\u00e1sicos del servicio de garant\u00eda para su guitarra Taylor. La mayor\u00eda de los servicios relacionados con la garant\u00eda se incluir\u00e1n en el nivel Silver. El servicio de garant\u00eda de nivel Silver consta de lo siguiente:<\/p><ul><li>Diagn\u00f2stic d&#8217;humitat i servei t\u00e8cnic<\/li><li>Ajustaments de l&#8217;angle del m\u00e0stil Taylor (NT)<\/li><li>Substituci\u00f3 de la pe\u00e7a de pont \/ Ajust de l&#8217;acci\u00f3 de la pe\u00e7a de pont<\/li><li>Substituci\u00f3 de clavillers<\/li><li>Substituci\u00f3 del golpejador<\/li><li>Ajustaments de l&#8217;\u00e0nima<\/li><li>Ajustaments d&#8217;altura de les cordes a la m\u00e0nega<\/li><li>Tots els serveis el\u00e8ctrics. Aquests serveis van des de la substituci\u00f3 de peces fins a una actualitzaci\u00f3 completa del sistema original.<\/li><li>Entonaci\u00f3<\/li><li>Equilibri de la pastilla sota la pe\u00e7a de pont<\/li><li>Substituci\u00f3 de la cejuela**<\/li><li>Reparaci\u00f3 de ponts, des de tornar a enganxar fins a la substituci\u00f3 completa**<\/li><li>Encaix de trasts \/ Nivellaci\u00f3 de trasts**<\/li><li>Reparacions de l&#8217;acabat satinat**<br \/><br \/>**quan es consideri garantit.<\/li><\/ul><p>\u00a0<\/p>\t\t\t\t\t\t\t\t<\/div>\n\t\t\t\t<\/div>\n\t\t\t\t\t<\/div>\n\t\t\t\t<\/div>\n\t\t<div class=\"elementor-element elementor-element-2c49899 e-flex e-con-boxed e-con e-parent\" data-id=\"2c49899\" data-element_type=\"container\" data-e-type=\"container\" id=\"contacta\">\n\t\t\t\t\t<div class=\"e-con-inner\">\n\t\t<div class=\"elementor-element elementor-element-df4d14d e-con-full e-flex e-con e-child\" data-id=\"df4d14d\" data-element_type=\"container\" data-e-type=\"container\">\n\t\t\t\t<div class=\"elementor-element elementor-element-2961f5b elementor-widget elementor-widget-heading\" data-id=\"2961f5b\" data-element_type=\"widget\" data-e-type=\"widget\" data-widget_type=\"heading.default\">\n\t\t\t\t<div class=\"elementor-widget-container\">\n\t\t\t\t\t<h2 class=\"elementor-heading-title elementor-size-default\">Contacta amb nosaltres<\/h2>\t\t\t\t<\/div>\n\t\t\t\t<\/div>\n\t\t\t\t<div class=\"elementor-element elementor-element-d181104 elementor-widget elementor-widget-theme-site-logo elementor-widget-image\" data-id=\"d181104\" data-element_type=\"widget\" data-e-type=\"widget\" data-widget_type=\"theme-site-logo.default\">\n\t\t\t\t<div class=\"elementor-widget-container\">\n\t\t\t\t\t\t\t\t\t\t\t<a href=\"https:\/\/www.ramosguitars.com\/ca\/\">\n\t\t\t<img decoding=\"async\" width=\"416\" height=\"446\" src=\"https:\/\/www.ramosguitars.com\/wp-content\/uploads\/2023\/09\/logo_ramosguitars_anim.svg\" class=\"attachment-full size-full wp-image-1252\" alt=\"\" \/>\t\t\t\t<\/a>\n\t\t\t\t\t\t\t\t\t\t\t<\/div>\n\t\t\t\t<\/div>\n\t\t\t\t<\/div>\n\t\t<div class=\"elementor-element elementor-element-693f4f2 e-con-full e-flex e-con e-child\" data-id=\"693f4f2\" data-element_type=\"container\" data-e-type=\"container\">\n\t\t\t\t<div class=\"elementor-element elementor-element-bc047c0 elementor-widget elementor-widget-heading\" data-id=\"bc047c0\" data-element_type=\"widget\" data-e-type=\"widget\" data-widget_type=\"heading.default\">\n\t\t\t\t<div class=\"elementor-widget-container\">\n\t\t\t\t\t<h3 class=\"elementor-heading-title elementor-size-default\">Tens m\u00e9s preguntes?<\/h3>\t\t\t\t<\/div>\n\t\t\t\t<\/div>\n\t\t\t\t<div class=\"elementor-element elementor-element-0b2159b elementor-widget elementor-widget-text-editor\" data-id=\"0b2159b\" data-element_type=\"widget\" data-e-type=\"widget\" data-widget_type=\"text-editor.default\">\n\t\t\t\t<div class=\"elementor-widget-container\">\n\t\t\t\t\t\t\t\t\t<div class=\"vc_row wpb_row vc_inner vc_row-fluid\"><div class=\"wpb_column vc_column_container vc_col-sm-12\"><div class=\"vc_column-inner \"><div class=\"wpb_wrapper\"><div class=\"wpb_text_column wpb_content_element \"><div class=\"wpb_wrapper\"><div class=\"wpb_text_column wpb_content_element \"><div class=\"wpb_wrapper\"><p>Si tens preguntes sobre els serveis, o de quins materials utilitzo, peces, que eines utilitzo, temps i terminis de lliurament, no dubtis i posa\u2019t en contacte amb mi.<\/p><\/div><\/div><div class=\"wpb_raw_code wpb_content_element wpb_raw_html content-center\">\u00a0<\/div><\/div><\/div><\/div><\/div><\/div><\/div>\t\t\t\t\t\t\t\t<\/div>\n\t\t\t\t<\/div>\n\t\t\t\t<div class=\"elementor-element elementor-element-1acce35 elementor-button-align-end elementor-widget elementor-widget-global elementor-global-493 elementor-widget-form\" data-id=\"1acce35\" data-element_type=\"widget\" data-e-type=\"widget\" data-settings=\"{&quot;step_next_label&quot;:&quot;Next&quot;,&quot;step_previous_label&quot;:&quot;Previous&quot;,&quot;button_width&quot;:&quot;100&quot;,&quot;step_type&quot;:&quot;number_text&quot;,&quot;step_icon_shape&quot;:&quot;circle&quot;}\" data-widget_type=\"form.default\">\n\t\t\t\t<div class=\"elementor-widget-container\">\n\t\t\t\t\t\t\t<form class=\"elementor-form\" method=\"post\" name=\"Contacta\" aria-label=\"Contacta\">\n\t\t\t<input type=\"hidden\" name=\"post_id\" value=\"138\"\/>\n\t\t\t<input type=\"hidden\" name=\"form_id\" value=\"1acce35\"\/>\n\t\t\t<input type=\"hidden\" name=\"referer_title\" value=\"Ramos Guitars\" \/>\n\n\t\t\t\n\t\t\t<div class=\"elementor-form-fields-wrapper elementor-labels-\">\n\t\t\t\t\t\t\t\t<div class=\"elementor-field-type-text elementor-field-group elementor-column elementor-field-group-name elementor-col-100 elementor-field-required\">\n\t\t\t\t\t\t\t\t\t\t\t\t<label for=\"form-field-name\" class=\"elementor-field-label elementor-screen-only\">\n\t\t\t\t\t\t\t\tEl teu nom\t\t\t\t\t\t\t<\/label>\n\t\t\t\t\t\t\t\t\t\t\t\t\t\t<input size=\"1\" type=\"text\" name=\"form_fields[name]\" id=\"form-field-name\" class=\"elementor-field elementor-size-md  elementor-field-textual\" placeholder=\"Nom\" required=\"required\">\n\t\t\t\t\t\t\t\t\t\t\t<\/div>\n\t\t\t\t\t\t\t\t<div class=\"elementor-field-type-email elementor-field-group elementor-column elementor-field-group-email elementor-col-100 elementor-field-required\">\n\t\t\t\t\t\t\t\t\t\t\t\t<label for=\"form-field-email\" class=\"elementor-field-label elementor-screen-only\">\n\t\t\t\t\t\t\t\tCorreu electr\u00f2nic\t\t\t\t\t\t\t<\/label>\n\t\t\t\t\t\t\t\t\t\t\t\t\t\t<input size=\"1\" type=\"email\" name=\"form_fields[email]\" id=\"form-field-email\" class=\"elementor-field elementor-size-md  elementor-field-textual\" placeholder=\"Correu electr\u00f2nic\" required=\"required\">\n\t\t\t\t\t\t\t\t\t\t\t<\/div>\n\t\t\t\t\t\t\t\t<div class=\"elementor-field-type-textarea elementor-field-group elementor-column elementor-field-group-message elementor-col-100\">\n\t\t\t\t\t\t\t\t\t\t\t\t<label for=\"form-field-message\" class=\"elementor-field-label elementor-screen-only\">\n\t\t\t\t\t\t\t\tMissatge \t\t\t\t\t\t\t<\/label>\n\t\t\t\t\t\t<textarea class=\"elementor-field-textual elementor-field  elementor-size-md\" name=\"form_fields[message]\" id=\"form-field-message\" rows=\"4\" placeholder=\"Missatge \"><\/textarea>\t\t\t\t<\/div>\n\t\t\t\t\t\t\t\t<div class=\"elementor-field-type-hidden elementor-field-group elementor-column elementor-field-group-field_9d8b54c elementor-col-100\">\n\t\t\t\t\t\t\t\t\t\t\t\t\t<input size=\"1\" type=\"hidden\" name=\"form_fields[field_9d8b54c]\" id=\"form-field-field_9d8b54c\" class=\"elementor-field elementor-size-md  elementor-field-textual\">\n\t\t\t\t\t\t\t\t\t\t\t<\/div>\n\t\t\t\t\t\t\t\t<div class=\"elementor-field-type-recaptcha_v3 elementor-field-group elementor-column elementor-field-group-field_122d978 elementor-col-100 recaptcha_v3-inline\">\n\t\t\t\t\t<div class=\"elementor-field\" id=\"form-field-field_122d978\"><div class=\"elementor-g-recaptcha\" data-sitekey=\"6LeW5yQpAAAAAEV7HFXBEfz-59VAHVGrcUI5CVcP\" data-type=\"v3\" data-action=\"Form\" data-badge=\"inline\" data-size=\"invisible\"><\/div><\/div>\t\t\t\t<\/div>\n\t\t\t\t\t\t\t\t<div class=\"elementor-field-group elementor-column elementor-field-type-submit elementor-col-100 e-form__buttons\">\n\t\t\t\t\t<button class=\"elementor-button elementor-size-sm\" type=\"submit\">\n\t\t\t\t\t\t<span class=\"elementor-button-content-wrapper\">\n\t\t\t\t\t\t\t\t\t\t\t\t\t\t\t\t\t\t\t\t\t\t<span class=\"elementor-button-text\">Enviar<\/span>\n\t\t\t\t\t\t\t\t\t\t\t\t\t<\/span>\n\t\t\t\t\t<\/button>\n\t\t\t\t<\/div>\n\t\t\t<\/div>\n\t\t<\/form>\n\t\t\t\t\t\t<\/div>\n\t\t\t\t<\/div>\n\t\t\t\t<\/div>\n\t\t\t\t\t<\/div>\n\t\t\t\t<\/div>\n\t\t\t\t<\/div>\n\t\t","protected":false},"excerpt":{"rendered":"<p>Serveis Convertir-se en un centre t\u00e8cnic autoritzat no \u00e9s una tasca f\u00e0cil. Sovint implica aprovar ex\u00e0mens t\u00e8cnics, te\u00f2rics i, el m\u00e9s complicat de tot, pr\u00e0ctics. Molts companys creuen que ser un centre de servei autoritzat d&#8217;una marca \u00e9s una p\u00e8rdua de temps. Altres diuen que si ja tens els coneixements, per qu\u00e8 molestar-se? En la [&hellip;]<\/p>\n","protected":false},"author":1,"featured_media":0,"parent":0,"menu_order":0,"comment_status":"closed","ping_status":"closed","template":"","meta":{"_acf_changed":false,"footnotes":""},"class_list":["post-138","page","type-page","status-publish","hentry"],"acf":[],"yoast_head":"<!-- This site is optimized with the Yoast SEO plugin v27.5 - https:\/\/yoast.com\/product\/yoast-seo-wordpress\/ -->\n<title>Centre T\u00e8cnic Autoritzat &#8226; Ramos Guitars<\/title>\n<meta name=\"robots\" content=\"index, follow, max-snippet:-1, max-image-preview:large, max-video-preview:-1\" \/>\n<link rel=\"canonical\" href=\"https:\/\/www.ramosguitars.com\/ca\/centre-tecnic-autoritzat\/\" \/>\n<meta property=\"og:locale\" content=\"ca_ES\" \/>\n<meta property=\"og:type\" content=\"article\" \/>\n<meta property=\"og:title\" content=\"Centre T\u00e8cnic Autoritzat &#8226; Ramos Guitars\" \/>\n<meta property=\"og:description\" content=\"Serveis Convertir-se en un centre t\u00e8cnic autoritzat no \u00e9s una tasca f\u00e0cil. Sovint implica aprovar ex\u00e0mens t\u00e8cnics, te\u00f2rics i, el m\u00e9s complicat de tot, pr\u00e0ctics. Molts companys creuen que ser un centre de servei autoritzat d&#8217;una marca \u00e9s una p\u00e8rdua de temps. Altres diuen que si ja tens els coneixements, per qu\u00e8 molestar-se? En la [&hellip;]\" \/>\n<meta property=\"og:url\" content=\"https:\/\/www.ramosguitars.com\/ca\/centre-tecnic-autoritzat\/\" \/>\n<meta property=\"og:site_name\" content=\"Ramos Guitars\" \/>\n<meta property=\"article:modified_time\" content=\"2023-12-11T17:47:42+00:00\" \/>\n<meta property=\"og:image\" content=\"https:\/\/ramosguitars.com\/wp-content\/uploads\/2023\/09\/logo_serveis-authorized-taylor.png\" \/>\n<meta name=\"twitter:card\" content=\"summary_large_image\" \/>\n<meta name=\"twitter:label1\" content=\"Temps estimat de lectura\" \/>\n\t<meta name=\"twitter:data1\" content=\"3 minuts\" \/>\n<script type=\"application\/ld+json\" class=\"yoast-schema-graph\">{\"@context\":\"https:\\\/\\\/schema.org\",\"@graph\":[{\"@type\":\"WebPage\",\"@id\":\"https:\\\/\\\/www.ramosguitars.com\\\/ca\\\/centre-tecnic-autoritzat\\\/\",\"url\":\"https:\\\/\\\/www.ramosguitars.com\\\/ca\\\/centre-tecnic-autoritzat\\\/\",\"name\":\"Centre T\u00e8cnic Autoritzat &#8226; Ramos Guitars\",\"isPartOf\":{\"@id\":\"https:\\\/\\\/www.ramosguitars.com\\\/es\\\/#website\"},\"primaryImageOfPage\":{\"@id\":\"https:\\\/\\\/www.ramosguitars.com\\\/ca\\\/centre-tecnic-autoritzat\\\/#primaryimage\"},\"image\":{\"@id\":\"https:\\\/\\\/www.ramosguitars.com\\\/ca\\\/centre-tecnic-autoritzat\\\/#primaryimage\"},\"thumbnailUrl\":\"https:\\\/\\\/ramosguitars.com\\\/wp-content\\\/uploads\\\/2023\\\/09\\\/logo_serveis-authorized-taylor.png\",\"datePublished\":\"2023-07-20T08:10:44+00:00\",\"dateModified\":\"2023-12-11T17:47:42+00:00\",\"breadcrumb\":{\"@id\":\"https:\\\/\\\/www.ramosguitars.com\\\/ca\\\/centre-tecnic-autoritzat\\\/#breadcrumb\"},\"inLanguage\":\"ca\",\"potentialAction\":[{\"@type\":\"ReadAction\",\"target\":[\"https:\\\/\\\/www.ramosguitars.com\\\/ca\\\/centre-tecnic-autoritzat\\\/\"]}]},{\"@type\":\"ImageObject\",\"inLanguage\":\"ca\",\"@id\":\"https:\\\/\\\/www.ramosguitars.com\\\/ca\\\/centre-tecnic-autoritzat\\\/#primaryimage\",\"url\":\"https:\\\/\\\/ramosguitars.com\\\/wp-content\\\/uploads\\\/2023\\\/09\\\/logo_serveis-authorized-taylor.png\",\"contentUrl\":\"https:\\\/\\\/ramosguitars.com\\\/wp-content\\\/uploads\\\/2023\\\/09\\\/logo_serveis-authorized-taylor.png\"},{\"@type\":\"BreadcrumbList\",\"@id\":\"https:\\\/\\\/www.ramosguitars.com\\\/ca\\\/centre-tecnic-autoritzat\\\/#breadcrumb\",\"itemListElement\":[{\"@type\":\"ListItem\",\"position\":1,\"name\":\"Portada\",\"item\":\"https:\\\/\\\/www.ramosguitars.com\\\/ca\\\/\"},{\"@type\":\"ListItem\",\"position\":2,\"name\":\"Centre T\u00e8cnic Autoritzat\"}]},{\"@type\":\"WebSite\",\"@id\":\"https:\\\/\\\/www.ramosguitars.com\\\/es\\\/#website\",\"url\":\"https:\\\/\\\/www.ramosguitars.com\\\/es\\\/\",\"name\":\"Ramos Custom Guitars\",\"description\":\"Custom handmade instruments\",\"publisher\":{\"@id\":\"https:\\\/\\\/www.ramosguitars.com\\\/es\\\/#organization\"},\"alternateName\":\"Custom guitars and basses handmade\",\"potentialAction\":[{\"@type\":\"SearchAction\",\"target\":{\"@type\":\"EntryPoint\",\"urlTemplate\":\"https:\\\/\\\/www.ramosguitars.com\\\/es\\\/?s={search_term_string}\"},\"query-input\":{\"@type\":\"PropertyValueSpecification\",\"valueRequired\":true,\"valueName\":\"search_term_string\"}}],\"inLanguage\":\"ca\"},{\"@type\":\"Organization\",\"@id\":\"https:\\\/\\\/www.ramosguitars.com\\\/es\\\/#organization\",\"name\":\"Ramos Custom Guitars\",\"url\":\"https:\\\/\\\/www.ramosguitars.com\\\/es\\\/\",\"logo\":{\"@type\":\"ImageObject\",\"inLanguage\":\"ca\",\"@id\":\"https:\\\/\\\/www.ramosguitars.com\\\/es\\\/#\\\/schema\\\/logo\\\/image\\\/\",\"url\":\"https:\\\/\\\/www.ramosguitars.com\\\/wp-content\\\/uploads\\\/2023\\\/09\\\/logo_ramosguitars_anim.svg\",\"contentUrl\":\"https:\\\/\\\/www.ramosguitars.com\\\/wp-content\\\/uploads\\\/2023\\\/09\\\/logo_ramosguitars_anim.svg\",\"width\":416,\"height\":446,\"caption\":\"Ramos Custom Guitars\"},\"image\":{\"@id\":\"https:\\\/\\\/www.ramosguitars.com\\\/es\\\/#\\\/schema\\\/logo\\\/image\\\/\"}}]}<\/script>\n<!-- \/ Yoast SEO plugin. -->","yoast_head_json":{"title":"Centre T\u00e8cnic Autoritzat &#8226; Ramos Guitars","robots":{"index":"index","follow":"follow","max-snippet":"max-snippet:-1","max-image-preview":"max-image-preview:large","max-video-preview":"max-video-preview:-1"},"canonical":"https:\/\/www.ramosguitars.com\/ca\/centre-tecnic-autoritzat\/","og_locale":"ca_ES","og_type":"article","og_title":"Centre T\u00e8cnic Autoritzat &#8226; Ramos Guitars","og_description":"Serveis Convertir-se en un centre t\u00e8cnic autoritzat no \u00e9s una tasca f\u00e0cil. Sovint implica aprovar ex\u00e0mens t\u00e8cnics, te\u00f2rics i, el m\u00e9s complicat de tot, pr\u00e0ctics. Molts companys creuen que ser un centre de servei autoritzat d&#8217;una marca \u00e9s una p\u00e8rdua de temps. Altres diuen que si ja tens els coneixements, per qu\u00e8 molestar-se? En la [&hellip;]","og_url":"https:\/\/www.ramosguitars.com\/ca\/centre-tecnic-autoritzat\/","og_site_name":"Ramos Guitars","article_modified_time":"2023-12-11T17:47:42+00:00","og_image":[{"url":"https:\/\/ramosguitars.com\/wp-content\/uploads\/2023\/09\/logo_serveis-authorized-taylor.png","type":"","width":"","height":""}],"twitter_card":"summary_large_image","twitter_misc":{"Temps estimat de lectura":"3 minuts"},"schema":{"@context":"https:\/\/schema.org","@graph":[{"@type":"WebPage","@id":"https:\/\/www.ramosguitars.com\/ca\/centre-tecnic-autoritzat\/","url":"https:\/\/www.ramosguitars.com\/ca\/centre-tecnic-autoritzat\/","name":"Centre T\u00e8cnic Autoritzat &#8226; Ramos Guitars","isPartOf":{"@id":"https:\/\/www.ramosguitars.com\/es\/#website"},"primaryImageOfPage":{"@id":"https:\/\/www.ramosguitars.com\/ca\/centre-tecnic-autoritzat\/#primaryimage"},"image":{"@id":"https:\/\/www.ramosguitars.com\/ca\/centre-tecnic-autoritzat\/#primaryimage"},"thumbnailUrl":"https:\/\/ramosguitars.com\/wp-content\/uploads\/2023\/09\/logo_serveis-authorized-taylor.png","datePublished":"2023-07-20T08:10:44+00:00","dateModified":"2023-12-11T17:47:42+00:00","breadcrumb":{"@id":"https:\/\/www.ramosguitars.com\/ca\/centre-tecnic-autoritzat\/#breadcrumb"},"inLanguage":"ca","potentialAction":[{"@type":"ReadAction","target":["https:\/\/www.ramosguitars.com\/ca\/centre-tecnic-autoritzat\/"]}]},{"@type":"ImageObject","inLanguage":"ca","@id":"https:\/\/www.ramosguitars.com\/ca\/centre-tecnic-autoritzat\/#primaryimage","url":"https:\/\/ramosguitars.com\/wp-content\/uploads\/2023\/09\/logo_serveis-authorized-taylor.png","contentUrl":"https:\/\/ramosguitars.com\/wp-content\/uploads\/2023\/09\/logo_serveis-authorized-taylor.png"},{"@type":"BreadcrumbList","@id":"https:\/\/www.ramosguitars.com\/ca\/centre-tecnic-autoritzat\/#breadcrumb","itemListElement":[{"@type":"ListItem","position":1,"name":"Portada","item":"https:\/\/www.ramosguitars.com\/ca\/"},{"@type":"ListItem","position":2,"name":"Centre T\u00e8cnic Autoritzat"}]},{"@type":"WebSite","@id":"https:\/\/www.ramosguitars.com\/es\/#website","url":"https:\/\/www.ramosguitars.com\/es\/","name":"Ramos Custom Guitars","description":"Custom handmade instruments","publisher":{"@id":"https:\/\/www.ramosguitars.com\/es\/#organization"},"alternateName":"Custom guitars and basses handmade","potentialAction":[{"@type":"SearchAction","target":{"@type":"EntryPoint","urlTemplate":"https:\/\/www.ramosguitars.com\/es\/?s={search_term_string}"},"query-input":{"@type":"PropertyValueSpecification","valueRequired":true,"valueName":"search_term_string"}}],"inLanguage":"ca"},{"@type":"Organization","@id":"https:\/\/www.ramosguitars.com\/es\/#organization","name":"Ramos Custom Guitars","url":"https:\/\/www.ramosguitars.com\/es\/","logo":{"@type":"ImageObject","inLanguage":"ca","@id":"https:\/\/www.ramosguitars.com\/es\/#\/schema\/logo\/image\/","url":"https:\/\/www.ramosguitars.com\/wp-content\/uploads\/2023\/09\/logo_ramosguitars_anim.svg","contentUrl":"https:\/\/www.ramosguitars.com\/wp-content\/uploads\/2023\/09\/logo_ramosguitars_anim.svg","width":416,"height":446,"caption":"Ramos Custom Guitars"},"image":{"@id":"https:\/\/www.ramosguitars.com\/es\/#\/schema\/logo\/image\/"}}]}},"_links":{"self":[{"href":"https:\/\/www.ramosguitars.com\/ca\/wp-json\/wp\/v2\/pages\/138","targetHints":{"allow":["GET"]}}],"collection":[{"href":"https:\/\/www.ramosguitars.com\/ca\/wp-json\/wp\/v2\/pages"}],"about":[{"href":"https:\/\/www.ramosguitars.com\/ca\/wp-json\/wp\/v2\/types\/page"}],"author":[{"embeddable":true,"href":"https:\/\/www.ramosguitars.com\/ca\/wp-json\/wp\/v2\/users\/1"}],"replies":[{"embeddable":true,"href":"https:\/\/www.ramosguitars.com\/ca\/wp-json\/wp\/v2\/comments?post=138"}],"version-history":[{"count":1,"href":"https:\/\/www.ramosguitars.com\/ca\/wp-json\/wp\/v2\/pages\/138\/revisions"}],"predecessor-version":[{"id":1667,"href":"https:\/\/www.ramosguitars.com\/ca\/wp-json\/wp\/v2\/pages\/138\/revisions\/1667"}],"wp:attachment":[{"href":"https:\/\/www.ramosguitars.com\/ca\/wp-json\/wp\/v2\/media?parent=138"}],"curies":[{"name":"wp","href":"https:\/\/api.w.org\/{rel}","templated":true}]}}