{"id":859,"date":"2023-07-20T10:10:44","date_gmt":"2023-07-20T09:10:44","guid":{"rendered":"https:\/\/ramosguitars.com\/centro-tecnico-autorizado\/"},"modified":"2023-12-11T18:56:07","modified_gmt":"2023-12-11T17:56:07","slug":"centro-tecnico-autorizado","status":"publish","type":"page","link":"https:\/\/www.ramosguitars.com\/es\/centro-tecnico-autorizado\/","title":{"rendered":"Centro t\u00e9cnico autorizado"},"content":{"rendered":"\t\t<div data-elementor-type=\"wp-page\" data-elementor-id=\"859\" class=\"elementor elementor-859 elementor-138\" data-elementor-post-type=\"page\">\n\t\t\t\t<div class=\"elementor-element elementor-element-3ac3e5d e-flex e-con-boxed e-con e-parent\" data-id=\"3ac3e5d\" data-element_type=\"container\" data-e-type=\"container\">\n\t\t\t\t\t<div class=\"e-con-inner\">\n\t\t<div class=\"elementor-element elementor-element-c6e6cfb e-con-full e-flex e-con e-child\" data-id=\"c6e6cfb\" data-element_type=\"container\" data-e-type=\"container\">\n\t\t\t\t<div class=\"elementor-element elementor-element-d1ecb25 elementor-widget elementor-widget-heading\" data-id=\"d1ecb25\" data-element_type=\"widget\" data-e-type=\"widget\" data-widget_type=\"heading.default\">\n\t\t\t\t<div class=\"elementor-widget-container\">\n\t\t\t\t\t<h2 class=\"elementor-heading-title elementor-size-default\">Servicios<\/h2>\t\t\t\t<\/div>\n\t\t\t\t<\/div>\n\t\t\t\t<div class=\"elementor-element elementor-element-4ad3d2d elementor-widget elementor-widget-text-editor\" data-id=\"4ad3d2d\" data-element_type=\"widget\" data-e-type=\"widget\" data-widget_type=\"text-editor.default\">\n\t\t\t\t<div class=\"elementor-widget-container\">\n\t\t\t\t\t\t\t\t\t<p>Convertirse en un centro t\u00e9cnico autorizado no es algo sencillo. A menudo implica pasar ex\u00e1menes t\u00e9cnicos, te\u00f3ricos y, lo m\u00e1s complicado, pr\u00e1cticos.<\/p>\n<p>Muchos colegas creen que ser un servicio t\u00e9cnico autorizado de una marca es una p\u00e9rdida de tiempo. Otros dicen que si ya tienes los conocimientos, \u00bfpor qu\u00e9 molestarse? En mi opini\u00f3n, tener el respaldo de los propios fabricantes es de gran importancia. \u00bfQui\u00e9n mejor que el propio fabricante para explicarnos sobre el instrumento que fabrica o la pieza que crea para mejorar nuestro instrumento?<\/p>\n<p>Los m\u00fasicos siempre quieren que sus guitarras y bajos est\u00e9n en las mejores manos. Por esta raz\u00f3n, ser un servicio t\u00e9cnico no es algo que haga crecer el ego del luthier, sino algo que garantiza que tu guitarra o bajo est\u00e9 en las manos adecuadas.<\/p>\n\t\t\t\t\t\t\t\t<\/div>\n\t\t\t\t<\/div>\n\t\t\t\t<\/div>\n\t\t<div class=\"elementor-element elementor-element-4b5f5d7 e-con-full e-flex e-con e-child\" data-id=\"4b5f5d7\" data-element_type=\"container\" data-e-type=\"container\">\n\t\t\t\t<div class=\"elementor-element elementor-element-b3bc933 elementor-widget elementor-widget-image\" data-id=\"b3bc933\" data-element_type=\"widget\" data-e-type=\"widget\" data-widget_type=\"image.default\">\n\t\t\t\t<div class=\"elementor-widget-container\">\n\t\t\t\t\t\t\t\t\t\t\t\t\t\t\t<img fetchpriority=\"high\" decoding=\"async\" width=\"434\" height=\"436\" src=\"https:\/\/www.ramosguitars.com\/wp-content\/uploads\/2023\/09\/logo_serveis-authorized-taylor.png\" class=\"attachment-full size-full wp-image-160\" alt=\"Taylor authorized Services\" srcset=\"https:\/\/www.ramosguitars.com\/wp-content\/uploads\/2023\/09\/logo_serveis-authorized-taylor.png 434w, https:\/\/www.ramosguitars.com\/wp-content\/uploads\/2023\/09\/logo_serveis-authorized-taylor-300x300.png 300w, https:\/\/www.ramosguitars.com\/wp-content\/uploads\/2023\/09\/logo_serveis-authorized-taylor-150x150.png 150w\" sizes=\"(max-width: 434px) 100vw, 434px\" \/>\t\t\t\t\t\t\t\t\t\t\t\t\t\t\t<\/div>\n\t\t\t\t<\/div>\n\t\t\t\t<div class=\"elementor-element elementor-element-1d1c2b6 elementor-widget elementor-widget-image\" data-id=\"1d1c2b6\" data-element_type=\"widget\" data-e-type=\"widget\" data-widget_type=\"image.default\">\n\t\t\t\t<div class=\"elementor-widget-container\">\n\t\t\t\t\t\t\t\t\t\t\t\t\t\t\t<img decoding=\"async\" width=\"528\" height=\"388\" src=\"https:\/\/www.ramosguitars.com\/wp-content\/uploads\/2023\/10\/logo_serveis-authorized-buzz.png\" class=\"attachment-full size-full wp-image-743\" alt=\"Buzz Feiten Tunning sysstems\" srcset=\"https:\/\/www.ramosguitars.com\/wp-content\/uploads\/2023\/10\/logo_serveis-authorized-buzz.png 528w, https:\/\/www.ramosguitars.com\/wp-content\/uploads\/2023\/10\/logo_serveis-authorized-buzz-300x220.png 300w\" sizes=\"(max-width: 528px) 100vw, 528px\" \/>\t\t\t\t\t\t\t\t\t\t\t\t\t\t\t<\/div>\n\t\t\t\t<\/div>\n\t\t\t\t<\/div>\n\t\t\t\t\t<\/div>\n\t\t\t\t<\/div>\n\t\t<div class=\"elementor-element elementor-element-dd956c0 e-flex e-con-boxed e-con e-parent\" data-id=\"dd956c0\" data-element_type=\"container\" data-e-type=\"container\">\n\t\t\t\t\t<div class=\"e-con-inner\">\n\t\t\t\t<div class=\"elementor-element elementor-element-b813ff3 elementor-widget elementor-widget-heading\" data-id=\"b813ff3\" data-element_type=\"widget\" data-e-type=\"widget\" data-widget_type=\"heading.default\">\n\t\t\t\t<div class=\"elementor-widget-container\">\n\t\t\t\t\t<h2 class=\"elementor-heading-title elementor-size-default\">Garant\u00edas, piezas de repuesto originales y la confianza de que tu instrumento est\u00e1 en las manos adecuadas.<\/h2>\t\t\t\t<\/div>\n\t\t\t\t<\/div>\n\t\t\t\t<div class=\"elementor-element elementor-element-d7b4e86 elementor-widget__width-initial elementor-widget elementor-widget-text-editor\" data-id=\"d7b4e86\" data-element_type=\"widget\" data-e-type=\"widget\" data-widget_type=\"text-editor.default\">\n\t\t\t\t<div class=\"elementor-widget-container\">\n\t\t\t\t\t\t\t\t\t<h4>Buzz Feiten Tuning System<\/h4>\n<p>Buzz Feiten Tuning system, es un sistema que resuelve los problemas de afinaci\u00f3n y entonaci\u00f3n en dos sencillos pasos.<\/p>\n<h3>Cejuela<\/h3>\n<p>El exclusivo sistema de afinaci\u00f3n Buzz Feiten\u00a8 (BFTS) Shelf Nut mueve las cuerdas m\u00e1s cerca del primer traste de acuerdo con su f\u00f3rmula patentada. Esto elimina las notas sostenidas en los tres primeros trastes.<\/p>\n<h3>Entonaci\u00f3n<\/h3>\n<p>El puente de su guitarra se ajusta de acuerdo con sus compensaciones de tono patentadas, creando una entonaci\u00f3n equilibrada en todo el diapas\u00f3n, cada traste, cada cuerda.<\/p>\n<p>Soy <strong>servicio t\u00e9cnico autorizado<\/strong> tanto como fabricante como para adaptaciones desde el a\u00f1o 2011. Muchos fabricantes del nivel de Tom Anderson Guitarworks, Suhr Guitars, Michael Tobias y un largo etc., conf\u00edan en <strong>Buzz Feiten<\/strong>.<\/p>\n<p>No os dej\u00e9is enga\u00f1ar por nadie, solo un servicio t\u00e9cnico autorizado est\u00e1 capacitado para adaptar o ajustar vuestra guitarra o bajo y os garantizar\u00e1 un trabajo impecable.<\/p>\n<h4>Taylor<\/h4>\n<p>\u00bfTienes alg\u00fan problema con tu Taylor?, No dudes en contactar conmigo para cualquier duda que tengas. Soy servicio t\u00e9cnico nivel Silver Plus, \u00bfqu\u00e9 quiere decir Silver Plus?<\/p>\n<h3>Silver<\/h3>\n<p>Los centros de servicio de nivel Silver est\u00e1n ah\u00ed para brindarle los conceptos b\u00e1sicos del servicio de garant\u00eda para su guitarra Taylor. La mayor\u00eda de los servicios relacionados con la garant\u00eda se incluir\u00e1n en el nivel Silver. El servicio de garant\u00eda de nivel Silver consta de lo siguiente:<\/p>\n<ul>\n<li>Diagn\u00f3stico de humedad y servicio t\u00e9cnico<\/li>\n<li>Ajustes de \u00e1ngulo de m\u00e1stiles Taylor (NT)<\/li>\n<li>Reemplazo hueso de puente \/ Ajuste acci\u00f3n hueso puente<\/li>\n<li>Reemplazo de clavijeros<\/li>\n<li>Reemplazo de golpeador<\/li>\n<li>Ajustes de alma<\/li>\n<li>Ajustes altura de cuerdas en la cejuela<\/li>\n<li>Todos los servicios el\u00e9ctricos. Estos servicios consisten en la sustituci\u00f3n de piezas hasta la actualizaci\u00f3n completa del sistema original.<\/li>\n<li>Entonaci\u00f3n<\/li>\n<li>Balanceado de la pastilla bajo el hueso del puente.<\/li>\n<li>Sustituci\u00f3n de cejuela **<\/li>\n<li>Reencolado de puentes hasta la sustituci\u00f3n de los mismos **<\/li>\n<li>Asiento de trastes \/ Nivelaci\u00f3n de trastes **<\/li>\n<li>Reparaciones de acabado satinado **<\/li>\n<\/ul>\n<p>**cuando se considere garantizado.<\/p>\n\t\t\t\t\t\t\t\t<\/div>\n\t\t\t\t<\/div>\n\t\t\t\t\t<\/div>\n\t\t\t\t<\/div>\n\t\t<div class=\"elementor-element elementor-element-2c49899 e-flex e-con-boxed e-con e-parent\" data-id=\"2c49899\" data-element_type=\"container\" data-e-type=\"container\" id=\"contacta\">\n\t\t\t\t\t<div class=\"e-con-inner\">\n\t\t<div class=\"elementor-element elementor-element-df4d14d e-con-full e-flex e-con e-child\" data-id=\"df4d14d\" data-element_type=\"container\" data-e-type=\"container\">\n\t\t\t\t<div class=\"elementor-element elementor-element-2961f5b elementor-widget elementor-widget-heading\" data-id=\"2961f5b\" data-element_type=\"widget\" data-e-type=\"widget\" data-widget_type=\"heading.default\">\n\t\t\t\t<div class=\"elementor-widget-container\">\n\t\t\t\t\t<h2 class=\"elementor-heading-title elementor-size-default\">Contacta conmigo<\/h2>\t\t\t\t<\/div>\n\t\t\t\t<\/div>\n\t\t\t\t<div class=\"elementor-element elementor-element-d181104 elementor-widget elementor-widget-theme-site-logo elementor-widget-image\" data-id=\"d181104\" data-element_type=\"widget\" data-e-type=\"widget\" data-widget_type=\"theme-site-logo.default\">\n\t\t\t\t<div class=\"elementor-widget-container\">\n\t\t\t\t\t\t\t\t\t\t\t<a href=\"https:\/\/www.ramosguitars.com\/es\/\">\n\t\t\t<img decoding=\"async\" width=\"416\" height=\"446\" src=\"https:\/\/www.ramosguitars.com\/wp-content\/uploads\/2023\/09\/logo_ramosguitars_anim.svg\" class=\"attachment-full size-full wp-image-1252\" alt=\"\" \/>\t\t\t\t<\/a>\n\t\t\t\t\t\t\t\t\t\t\t<\/div>\n\t\t\t\t<\/div>\n\t\t\t\t<\/div>\n\t\t<div class=\"elementor-element elementor-element-693f4f2 e-con-full e-flex e-con e-child\" data-id=\"693f4f2\" data-element_type=\"container\" data-e-type=\"container\">\n\t\t\t\t<div class=\"elementor-element elementor-element-bc047c0 elementor-widget elementor-widget-heading\" data-id=\"bc047c0\" data-element_type=\"widget\" data-e-type=\"widget\" data-widget_type=\"heading.default\">\n\t\t\t\t<div class=\"elementor-widget-container\">\n\t\t\t\t\t<h3 class=\"elementor-heading-title elementor-size-default\">\u00bfTienes mas preguntas?<\/h3>\t\t\t\t<\/div>\n\t\t\t\t<\/div>\n\t\t\t\t<div class=\"elementor-element elementor-element-0b2159b elementor-widget elementor-widget-text-editor\" data-id=\"0b2159b\" data-element_type=\"widget\" data-e-type=\"widget\" data-widget_type=\"text-editor.default\">\n\t\t\t\t<div class=\"elementor-widget-container\">\n\t\t\t\t\t\t\t\t\t<p>Si tienes preguntas sobre los servicios, los materiales que utilizo, las piezas, las herramientas que utilizo, los tiempos y los plazos de entrega, no dudes en ponerte en contacto conmigo.<\/p>\n\t\t\t\t\t\t\t\t<\/div>\n\t\t\t\t<\/div>\n\t\t\t\t<div class=\"elementor-element elementor-element-1acce35 elementor-button-align-end elementor-widget elementor-widget-global elementor-global-965 elementor-global-493 elementor-widget-form\" data-id=\"1acce35\" data-element_type=\"widget\" data-e-type=\"widget\" data-settings=\"{&quot;step_next_label&quot;:&quot;Siguiente&quot;,&quot;step_previous_label&quot;:&quot;Anterior&quot;,&quot;button_width&quot;:&quot;100&quot;,&quot;step_type&quot;:&quot;number_text&quot;,&quot;step_icon_shape&quot;:&quot;circle&quot;}\" data-widget_type=\"form.default\">\n\t\t\t\t<div class=\"elementor-widget-container\">\n\t\t\t\t\t\t\t<form class=\"elementor-form\" method=\"post\" name=\"Contacta\" aria-label=\"Contacta\">\n\t\t\t<input type=\"hidden\" name=\"post_id\" value=\"859\"\/>\n\t\t\t<input type=\"hidden\" name=\"form_id\" value=\"1acce35\"\/>\n\t\t\t<input type=\"hidden\" name=\"referer_title\" value=\"Ramos Guitars\" \/>\n\n\t\t\t\n\t\t\t<div class=\"elementor-form-fields-wrapper elementor-labels-\">\n\t\t\t\t\t\t\t\t<div class=\"elementor-field-type-text elementor-field-group elementor-column elementor-field-group-name elementor-col-100 elementor-field-required\">\n\t\t\t\t\t\t\t\t\t\t\t\t<label for=\"form-field-name\" class=\"elementor-field-label elementor-screen-only\">\n\t\t\t\t\t\t\t\tTu nombre\t\t\t\t\t\t\t<\/label>\n\t\t\t\t\t\t\t\t\t\t\t\t\t\t<input size=\"1\" type=\"text\" name=\"form_fields[name]\" id=\"form-field-name\" class=\"elementor-field elementor-size-md  elementor-field-textual\" placeholder=\"Nombre\" required=\"required\">\n\t\t\t\t\t\t\t\t\t\t\t<\/div>\n\t\t\t\t\t\t\t\t<div class=\"elementor-field-type-email elementor-field-group elementor-column elementor-field-group-email elementor-col-100 elementor-field-required\">\n\t\t\t\t\t\t\t\t\t\t\t\t<label for=\"form-field-email\" class=\"elementor-field-label elementor-screen-only\">\n\t\t\t\t\t\t\t\tCorreo electr\u00f3nico\t\t\t\t\t\t\t<\/label>\n\t\t\t\t\t\t\t\t\t\t\t\t\t\t<input size=\"1\" type=\"email\" name=\"form_fields[email]\" id=\"form-field-email\" class=\"elementor-field elementor-size-md  elementor-field-textual\" placeholder=\"Correo electr\u00f3nico\" required=\"required\">\n\t\t\t\t\t\t\t\t\t\t\t<\/div>\n\t\t\t\t\t\t\t\t<div class=\"elementor-field-type-textarea elementor-field-group elementor-column elementor-field-group-message elementor-col-100\">\n\t\t\t\t\t\t\t\t\t\t\t\t<label for=\"form-field-message\" class=\"elementor-field-label elementor-screen-only\">\n\t\t\t\t\t\t\t\tMensaje\t\t\t\t\t\t\t<\/label>\n\t\t\t\t\t\t<textarea class=\"elementor-field-textual elementor-field  elementor-size-md\" name=\"form_fields[message]\" id=\"form-field-message\" rows=\"4\" placeholder=\"Mensaje\"><\/textarea>\t\t\t\t<\/div>\n\t\t\t\t\t\t\t\t<div class=\"elementor-field-type-hidden elementor-field-group elementor-column elementor-field-group-field_9d8b54c elementor-col-100\">\n\t\t\t\t\t\t\t\t\t\t\t\t\t<input size=\"1\" type=\"hidden\" name=\"form_fields[field_9d8b54c]\" id=\"form-field-field_9d8b54c\" class=\"elementor-field elementor-size-md  elementor-field-textual\">\n\t\t\t\t\t\t\t\t\t\t\t<\/div>\n\t\t\t\t\t\t\t\t<div class=\"elementor-field-type-recaptcha_v3 elementor-field-group elementor-column elementor-field-group-field_122d978 elementor-col-100 recaptcha_v3-inline\">\n\t\t\t\t\t<div class=\"elementor-field\" id=\"form-field-field_122d978\"><div class=\"elementor-g-recaptcha\" data-sitekey=\"6LeW5yQpAAAAAEV7HFXBEfz-59VAHVGrcUI5CVcP\" data-type=\"v3\" data-action=\"Form\" data-badge=\"inline\" data-size=\"invisible\"><\/div><\/div>\t\t\t\t<\/div>\n\t\t\t\t\t\t\t\t<div class=\"elementor-field-group elementor-column elementor-field-type-submit elementor-col-100 e-form__buttons\">\n\t\t\t\t\t<button class=\"elementor-button elementor-size-sm\" type=\"submit\">\n\t\t\t\t\t\t<span class=\"elementor-button-content-wrapper\">\n\t\t\t\t\t\t\t\t\t\t\t\t\t\t\t\t\t\t\t\t\t\t<span class=\"elementor-button-text\">Enviar<\/span>\n\t\t\t\t\t\t\t\t\t\t\t\t\t<\/span>\n\t\t\t\t\t<\/button>\n\t\t\t\t<\/div>\n\t\t\t<\/div>\n\t\t<\/form>\n\t\t\t\t\t\t<\/div>\n\t\t\t\t<\/div>\n\t\t\t\t<\/div>\n\t\t\t\t\t<\/div>\n\t\t\t\t<\/div>\n\t\t\t\t<\/div>\n\t\t","protected":false},"excerpt":{"rendered":"<p>Servicios Convertirse en un centro t\u00e9cnico autorizado no es algo sencillo. A menudo implica pasar ex\u00e1menes t\u00e9cnicos, te\u00f3ricos y, lo m\u00e1s complicado, pr\u00e1cticos. Muchos colegas creen que ser un servicio t\u00e9cnico autorizado de una marca es una p\u00e9rdida de tiempo. Otros dicen que si ya tienes los conocimientos, \u00bfpor qu\u00e9 molestarse? En mi opini\u00f3n, tener [&hellip;]<\/p>\n","protected":false},"author":1,"featured_media":0,"parent":0,"menu_order":0,"comment_status":"closed","ping_status":"closed","template":"","meta":{"_acf_changed":false,"footnotes":""},"class_list":["post-859","page","type-page","status-publish","hentry"],"acf":[],"yoast_head":"<!-- This site is optimized with the Yoast SEO plugin v27.4 - https:\/\/yoast.com\/product\/yoast-seo-wordpress\/ -->\n<title>Centro t\u00e9cnico autorizado &#8226; Ramos Guitars<\/title>\n<meta name=\"robots\" content=\"index, follow, max-snippet:-1, max-image-preview:large, max-video-preview:-1\" \/>\n<link rel=\"canonical\" href=\"https:\/\/www.ramosguitars.com\/es\/centro-tecnico-autorizado\/\" \/>\n<meta property=\"og:locale\" content=\"es_ES\" \/>\n<meta property=\"og:type\" content=\"article\" \/>\n<meta property=\"og:title\" content=\"Centro t\u00e9cnico autorizado &#8226; Ramos Guitars\" \/>\n<meta property=\"og:description\" content=\"Servicios Convertirse en un centro t\u00e9cnico autorizado no es algo sencillo. A menudo implica pasar ex\u00e1menes t\u00e9cnicos, te\u00f3ricos y, lo m\u00e1s complicado, pr\u00e1cticos. Muchos colegas creen que ser un servicio t\u00e9cnico autorizado de una marca es una p\u00e9rdida de tiempo. Otros dicen que si ya tienes los conocimientos, \u00bfpor qu\u00e9 molestarse? En mi opini\u00f3n, tener [&hellip;]\" \/>\n<meta property=\"og:url\" content=\"https:\/\/www.ramosguitars.com\/es\/centro-tecnico-autorizado\/\" \/>\n<meta property=\"og:site_name\" content=\"Ramos Guitars\" \/>\n<meta property=\"article:modified_time\" content=\"2023-12-11T17:56:07+00:00\" \/>\n<meta property=\"og:image\" content=\"https:\/\/ramosguitars.com\/wp-content\/uploads\/2023\/09\/logo_serveis-authorized-taylor.png\" \/>\n<meta name=\"twitter:card\" content=\"summary_large_image\" \/>\n<meta name=\"twitter:label1\" content=\"Tiempo de lectura\" \/>\n\t<meta name=\"twitter:data1\" content=\"3 minutos\" \/>\n<script type=\"application\/ld+json\" class=\"yoast-schema-graph\">{\"@context\":\"https:\\\/\\\/schema.org\",\"@graph\":[{\"@type\":\"WebPage\",\"@id\":\"https:\\\/\\\/www.ramosguitars.com\\\/es\\\/centro-tecnico-autorizado\\\/\",\"url\":\"https:\\\/\\\/www.ramosguitars.com\\\/es\\\/centro-tecnico-autorizado\\\/\",\"name\":\"Centro t\u00e9cnico autorizado &#8226; Ramos Guitars\",\"isPartOf\":{\"@id\":\"https:\\\/\\\/www.ramosguitars.com\\\/es\\\/#website\"},\"primaryImageOfPage\":{\"@id\":\"https:\\\/\\\/www.ramosguitars.com\\\/es\\\/centro-tecnico-autorizado\\\/#primaryimage\"},\"image\":{\"@id\":\"https:\\\/\\\/www.ramosguitars.com\\\/es\\\/centro-tecnico-autorizado\\\/#primaryimage\"},\"thumbnailUrl\":\"https:\\\/\\\/ramosguitars.com\\\/wp-content\\\/uploads\\\/2023\\\/09\\\/logo_serveis-authorized-taylor.png\",\"datePublished\":\"2023-07-20T09:10:44+00:00\",\"dateModified\":\"2023-12-11T17:56:07+00:00\",\"breadcrumb\":{\"@id\":\"https:\\\/\\\/www.ramosguitars.com\\\/es\\\/centro-tecnico-autorizado\\\/#breadcrumb\"},\"inLanguage\":\"es\",\"potentialAction\":[{\"@type\":\"ReadAction\",\"target\":[\"https:\\\/\\\/www.ramosguitars.com\\\/es\\\/centro-tecnico-autorizado\\\/\"]}]},{\"@type\":\"ImageObject\",\"inLanguage\":\"es\",\"@id\":\"https:\\\/\\\/www.ramosguitars.com\\\/es\\\/centro-tecnico-autorizado\\\/#primaryimage\",\"url\":\"https:\\\/\\\/ramosguitars.com\\\/wp-content\\\/uploads\\\/2023\\\/09\\\/logo_serveis-authorized-taylor.png\",\"contentUrl\":\"https:\\\/\\\/ramosguitars.com\\\/wp-content\\\/uploads\\\/2023\\\/09\\\/logo_serveis-authorized-taylor.png\"},{\"@type\":\"BreadcrumbList\",\"@id\":\"https:\\\/\\\/www.ramosguitars.com\\\/es\\\/centro-tecnico-autorizado\\\/#breadcrumb\",\"itemListElement\":[{\"@type\":\"ListItem\",\"position\":1,\"name\":\"Portada\",\"item\":\"https:\\\/\\\/www.ramosguitars.com\\\/es\\\/\"},{\"@type\":\"ListItem\",\"position\":2,\"name\":\"Centro t\u00e9cnico autorizado\"}]},{\"@type\":\"WebSite\",\"@id\":\"https:\\\/\\\/www.ramosguitars.com\\\/es\\\/#website\",\"url\":\"https:\\\/\\\/www.ramosguitars.com\\\/es\\\/\",\"name\":\"Ramos Custom Guitars\",\"description\":\"Custom handmade instruments\",\"publisher\":{\"@id\":\"https:\\\/\\\/www.ramosguitars.com\\\/es\\\/#organization\"},\"alternateName\":\"Custom guitars and basses handmade\",\"potentialAction\":[{\"@type\":\"SearchAction\",\"target\":{\"@type\":\"EntryPoint\",\"urlTemplate\":\"https:\\\/\\\/www.ramosguitars.com\\\/es\\\/?s={search_term_string}\"},\"query-input\":{\"@type\":\"PropertyValueSpecification\",\"valueRequired\":true,\"valueName\":\"search_term_string\"}}],\"inLanguage\":\"es\"},{\"@type\":\"Organization\",\"@id\":\"https:\\\/\\\/www.ramosguitars.com\\\/es\\\/#organization\",\"name\":\"Ramos Custom Guitars\",\"url\":\"https:\\\/\\\/www.ramosguitars.com\\\/es\\\/\",\"logo\":{\"@type\":\"ImageObject\",\"inLanguage\":\"es\",\"@id\":\"https:\\\/\\\/www.ramosguitars.com\\\/es\\\/#\\\/schema\\\/logo\\\/image\\\/\",\"url\":\"https:\\\/\\\/www.ramosguitars.com\\\/wp-content\\\/uploads\\\/2023\\\/09\\\/logo_ramosguitars_anim.svg\",\"contentUrl\":\"https:\\\/\\\/www.ramosguitars.com\\\/wp-content\\\/uploads\\\/2023\\\/09\\\/logo_ramosguitars_anim.svg\",\"width\":416,\"height\":446,\"caption\":\"Ramos Custom Guitars\"},\"image\":{\"@id\":\"https:\\\/\\\/www.ramosguitars.com\\\/es\\\/#\\\/schema\\\/logo\\\/image\\\/\"}}]}<\/script>\n<!-- \/ Yoast SEO plugin. -->","yoast_head_json":{"title":"Centro t\u00e9cnico autorizado &#8226; Ramos Guitars","robots":{"index":"index","follow":"follow","max-snippet":"max-snippet:-1","max-image-preview":"max-image-preview:large","max-video-preview":"max-video-preview:-1"},"canonical":"https:\/\/www.ramosguitars.com\/es\/centro-tecnico-autorizado\/","og_locale":"es_ES","og_type":"article","og_title":"Centro t\u00e9cnico autorizado &#8226; Ramos Guitars","og_description":"Servicios Convertirse en un centro t\u00e9cnico autorizado no es algo sencillo. A menudo implica pasar ex\u00e1menes t\u00e9cnicos, te\u00f3ricos y, lo m\u00e1s complicado, pr\u00e1cticos. Muchos colegas creen que ser un servicio t\u00e9cnico autorizado de una marca es una p\u00e9rdida de tiempo. Otros dicen que si ya tienes los conocimientos, \u00bfpor qu\u00e9 molestarse? En mi opini\u00f3n, tener [&hellip;]","og_url":"https:\/\/www.ramosguitars.com\/es\/centro-tecnico-autorizado\/","og_site_name":"Ramos Guitars","article_modified_time":"2023-12-11T17:56:07+00:00","og_image":[{"url":"https:\/\/ramosguitars.com\/wp-content\/uploads\/2023\/09\/logo_serveis-authorized-taylor.png","type":"","width":"","height":""}],"twitter_card":"summary_large_image","twitter_misc":{"Tiempo de lectura":"3 minutos"},"schema":{"@context":"https:\/\/schema.org","@graph":[{"@type":"WebPage","@id":"https:\/\/www.ramosguitars.com\/es\/centro-tecnico-autorizado\/","url":"https:\/\/www.ramosguitars.com\/es\/centro-tecnico-autorizado\/","name":"Centro t\u00e9cnico autorizado &#8226; Ramos Guitars","isPartOf":{"@id":"https:\/\/www.ramosguitars.com\/es\/#website"},"primaryImageOfPage":{"@id":"https:\/\/www.ramosguitars.com\/es\/centro-tecnico-autorizado\/#primaryimage"},"image":{"@id":"https:\/\/www.ramosguitars.com\/es\/centro-tecnico-autorizado\/#primaryimage"},"thumbnailUrl":"https:\/\/ramosguitars.com\/wp-content\/uploads\/2023\/09\/logo_serveis-authorized-taylor.png","datePublished":"2023-07-20T09:10:44+00:00","dateModified":"2023-12-11T17:56:07+00:00","breadcrumb":{"@id":"https:\/\/www.ramosguitars.com\/es\/centro-tecnico-autorizado\/#breadcrumb"},"inLanguage":"es","potentialAction":[{"@type":"ReadAction","target":["https:\/\/www.ramosguitars.com\/es\/centro-tecnico-autorizado\/"]}]},{"@type":"ImageObject","inLanguage":"es","@id":"https:\/\/www.ramosguitars.com\/es\/centro-tecnico-autorizado\/#primaryimage","url":"https:\/\/ramosguitars.com\/wp-content\/uploads\/2023\/09\/logo_serveis-authorized-taylor.png","contentUrl":"https:\/\/ramosguitars.com\/wp-content\/uploads\/2023\/09\/logo_serveis-authorized-taylor.png"},{"@type":"BreadcrumbList","@id":"https:\/\/www.ramosguitars.com\/es\/centro-tecnico-autorizado\/#breadcrumb","itemListElement":[{"@type":"ListItem","position":1,"name":"Portada","item":"https:\/\/www.ramosguitars.com\/es\/"},{"@type":"ListItem","position":2,"name":"Centro t\u00e9cnico autorizado"}]},{"@type":"WebSite","@id":"https:\/\/www.ramosguitars.com\/es\/#website","url":"https:\/\/www.ramosguitars.com\/es\/","name":"Ramos Custom Guitars","description":"Custom handmade instruments","publisher":{"@id":"https:\/\/www.ramosguitars.com\/es\/#organization"},"alternateName":"Custom guitars and basses handmade","potentialAction":[{"@type":"SearchAction","target":{"@type":"EntryPoint","urlTemplate":"https:\/\/www.ramosguitars.com\/es\/?s={search_term_string}"},"query-input":{"@type":"PropertyValueSpecification","valueRequired":true,"valueName":"search_term_string"}}],"inLanguage":"es"},{"@type":"Organization","@id":"https:\/\/www.ramosguitars.com\/es\/#organization","name":"Ramos Custom Guitars","url":"https:\/\/www.ramosguitars.com\/es\/","logo":{"@type":"ImageObject","inLanguage":"es","@id":"https:\/\/www.ramosguitars.com\/es\/#\/schema\/logo\/image\/","url":"https:\/\/www.ramosguitars.com\/wp-content\/uploads\/2023\/09\/logo_ramosguitars_anim.svg","contentUrl":"https:\/\/www.ramosguitars.com\/wp-content\/uploads\/2023\/09\/logo_ramosguitars_anim.svg","width":416,"height":446,"caption":"Ramos Custom Guitars"},"image":{"@id":"https:\/\/www.ramosguitars.com\/es\/#\/schema\/logo\/image\/"}}]}},"_links":{"self":[{"href":"https:\/\/www.ramosguitars.com\/es\/wp-json\/wp\/v2\/pages\/859","targetHints":{"allow":["GET"]}}],"collection":[{"href":"https:\/\/www.ramosguitars.com\/es\/wp-json\/wp\/v2\/pages"}],"about":[{"href":"https:\/\/www.ramosguitars.com\/es\/wp-json\/wp\/v2\/types\/page"}],"author":[{"embeddable":true,"href":"https:\/\/www.ramosguitars.com\/es\/wp-json\/wp\/v2\/users\/1"}],"replies":[{"embeddable":true,"href":"https:\/\/www.ramosguitars.com\/es\/wp-json\/wp\/v2\/comments?post=859"}],"version-history":[{"count":2,"href":"https:\/\/www.ramosguitars.com\/es\/wp-json\/wp\/v2\/pages\/859\/revisions"}],"predecessor-version":[{"id":1683,"href":"https:\/\/www.ramosguitars.com\/es\/wp-json\/wp\/v2\/pages\/859\/revisions\/1683"}],"wp:attachment":[{"href":"https:\/\/www.ramosguitars.com\/es\/wp-json\/wp\/v2\/media?parent=859"}],"curies":[{"name":"wp","href":"https:\/\/api.w.org\/{rel}","templated":true}]}}